{"id":7318,"date":"2022-02-07T16:51:10","date_gmt":"2022-02-07T18:51:10","guid":{"rendered":"https:\/\/arches.lt\/office-building-in-seliu-str\/"},"modified":"2022-02-07T16:51:13","modified_gmt":"2022-02-07T18:51:13","slug":"office-building-in-seliu-str","status":"publish","type":"page","link":"https:\/\/arches.lt\/en\/office-building-in-seliu-str\/","title":{"rendered":"Office building in Seliu str."},"content":{"rendered":"\t\t<div data-elementor-type=\"wp-post\" data-elementor-id=\"7318\" class=\"elementor elementor-7318 elementor-4164\" data-elementor-settings=\"[]\">\n\t\t\t<div class=\"elementor-inner\">\n\t\t\t\t<div class=\"elementor-section-wrap\">\n\t\t\t\t\t\t\t<section class=\"elementor-element elementor-element-e484b1d elementor-section-stretched elementor-section-height-min-height elementor-section-boxed elementor-section-height-default elementor-section-items-middle elementor-section elementor-top-section\" data-id=\"e484b1d\" data-element_type=\"section\" data-settings=\"{&quot;stretch_section&quot;:&quot;section-stretched&quot;,&quot;background_background&quot;:&quot;classic&quot;}\">\n\t\t\t\t\t\t<div class=\"elementor-container elementor-column-gap-default\">\n\t\t\t\t<div class=\"elementor-row\">\n\t\t\t\t<div class=\"elementor-element elementor-element-e65cc1c elementor-column elementor-col-100 elementor-top-column\" data-id=\"e65cc1c\" data-element_type=\"column\">\n\t\t\t<div class=\"elementor-column-wrap\">\n\t\t\t\t\t<div class=\"elementor-widget-wrap\">\n\t\t\t\t\t\t<\/div>\n\t\t\t<\/div>\n\t\t<\/div>\n\t\t\t\t\t\t<\/div>\n\t\t\t<\/div>\n\t\t<\/section>\n\t\t\t\t<section class=\"elementor-element elementor-element-6915c00 elementor-section-boxed elementor-section-height-default elementor-section-height-default elementor-section elementor-top-section\" data-id=\"6915c00\" data-element_type=\"section\">\n\t\t\t\t\t\t<div class=\"elementor-container elementor-column-gap-default\">\n\t\t\t\t<div class=\"elementor-row\">\n\t\t\t\t<div class=\"elementor-element elementor-element-46b0a1c elementor-column elementor-col-100 elementor-top-column\" data-id=\"46b0a1c\" data-element_type=\"column\">\n\t\t\t<div class=\"elementor-column-wrap  elementor-element-populated\">\n\t\t\t\t\t<div class=\"elementor-widget-wrap\">\n\t\t\t\t<div class=\"elementor-element elementor-element-daad321 elementor-widget elementor-widget-spacer\" data-id=\"daad321\" data-element_type=\"widget\" data-widget_type=\"spacer.default\">\n\t\t\t\t<div class=\"elementor-widget-container\">\n\t\t\t\t\t<div class=\"elementor-spacer\">\n\t\t\t<div class=\"elementor-spacer-inner\"><\/div>\n\t\t<\/div>\n\t\t\t\t<\/div>\n\t\t\t\t<\/div>\n\t\t\t\t\t\t<\/div>\n\t\t\t<\/div>\n\t\t<\/div>\n\t\t\t\t\t\t<\/div>\n\t\t\t<\/div>\n\t\t<\/section>\n\t\t\t\t<section class=\"elementor-element elementor-element-e9e03fe elementor-section-boxed elementor-section-height-default elementor-section-height-default elementor-section elementor-top-section\" data-id=\"e9e03fe\" data-element_type=\"section\">\n\t\t\t\t\t\t<div class=\"elementor-container elementor-column-gap-wider\">\n\t\t\t\t<div class=\"elementor-row\">\n\t\t\t\t<div class=\"elementor-element elementor-element-2308ba6 elementor-column elementor-col-50 elementor-top-column\" data-id=\"2308ba6\" data-element_type=\"column\">\n\t\t\t<div class=\"elementor-column-wrap  elementor-element-populated\">\n\t\t\t\t\t<div class=\"elementor-widget-wrap\">\n\t\t\t\t<div class=\"elementor-element elementor-element-0b545ce animated-fast elementor-invisible elementor-widget elementor-widget-heading\" data-id=\"0b545ce\" data-element_type=\"widget\" data-settings=\"{&quot;_animation&quot;:&quot;fadeInUp&quot;}\" data-widget_type=\"heading.default\">\n\t\t\t\t<div class=\"elementor-widget-container\">\n\t\t\t<h1 class=\"elementor-heading-title elementor-size-default\">Office building in Seliu str.<\/h1>\t\t<\/div>\n\t\t\t\t<\/div>\n\t\t\t\t<section class=\"elementor-element elementor-element-13e442d elementor-section-full_width elementor-section-content-top elementor-section-height-default elementor-section-height-default elementor-section elementor-inner-section\" data-id=\"13e442d\" data-element_type=\"section\">\n\t\t\t\t\t\t<div class=\"elementor-container elementor-column-gap-default\">\n\t\t\t\t<div class=\"elementor-row\">\n\t\t\t\t<div class=\"elementor-element elementor-element-725d9ac elementor-column elementor-col-33 elementor-inner-column\" data-id=\"725d9ac\" data-element_type=\"column\">\n\t\t\t<div class=\"elementor-column-wrap  elementor-element-populated\">\n\t\t\t\t\t<div class=\"elementor-widget-wrap\">\n\t\t\t\t<div class=\"elementor-element elementor-element-b244afe animated-fast elementor-invisible elementor-widget elementor-widget-heading\" data-id=\"b244afe\" data-element_type=\"widget\" data-settings=\"{&quot;_animation&quot;:&quot;fadeInUp&quot;,&quot;_animation_delay&quot;:200}\" data-widget_type=\"heading.default\">\n\t\t\t\t<div class=\"elementor-widget-container\">\n\t\t\t<span class=\"elementor-heading-title elementor-size-default\">Location<\/span>\t\t<\/div>\n\t\t\t\t<\/div>\n\t\t\t\t<div class=\"elementor-element elementor-element-c382962 animated-fast elementor-invisible elementor-widget elementor-widget-text-editor\" data-id=\"c382962\" data-element_type=\"widget\" data-settings=\"{&quot;_animation&quot;:&quot;fadeInUp&quot;,&quot;_animation_delay&quot;:200}\" data-widget_type=\"text-editor.default\">\n\t\t\t\t<div class=\"elementor-widget-container\">\n\t\t\t\t\t<div class=\"elementor-text-editor elementor-clearfix\"><p>Vilnius<\/p>\n<\/div>\n\t\t\t\t<\/div>\n\t\t\t\t<\/div>\n\t\t\t\t\t\t<\/div>\n\t\t\t<\/div>\n\t\t<\/div>\n\t\t\t\t<div class=\"elementor-element elementor-element-a2140e2 elementor-column elementor-col-33 elementor-inner-column\" data-id=\"a2140e2\" data-element_type=\"column\">\n\t\t\t<div class=\"elementor-column-wrap  elementor-element-populated\">\n\t\t\t\t\t<div class=\"elementor-widget-wrap\">\n\t\t\t\t<div class=\"elementor-element elementor-element-ec2187f animated-fast elementor-invisible elementor-widget elementor-widget-heading\" data-id=\"ec2187f\" data-element_type=\"widget\" data-settings=\"{&quot;_animation&quot;:&quot;fadeInUp&quot;,&quot;_animation_delay&quot;:400}\" data-widget_type=\"heading.default\">\n\t\t\t\t<div class=\"elementor-widget-container\">\n\t\t\t<span class=\"elementor-heading-title elementor-size-default\">Year<\/span>\t\t<\/div>\n\t\t\t\t<\/div>\n\t\t\t\t<div class=\"elementor-element elementor-element-e308138 animated-fast elementor-invisible elementor-widget elementor-widget-text-editor\" data-id=\"e308138\" data-element_type=\"widget\" data-settings=\"{&quot;_animation&quot;:&quot;fadeInUp&quot;,&quot;_animation_delay&quot;:200}\" data-widget_type=\"text-editor.default\">\n\t\t\t\t<div class=\"elementor-widget-container\">\n\t\t\t\t\t<div class=\"elementor-text-editor elementor-clearfix\"><p>2018<\/p>\n<\/div>\n\t\t\t\t<\/div>\n\t\t\t\t<\/div>\n\t\t\t\t\t\t<\/div>\n\t\t\t<\/div>\n\t\t<\/div>\n\t\t\t\t<div class=\"elementor-element elementor-element-fa8efc5 elementor-column elementor-col-33 elementor-inner-column\" data-id=\"fa8efc5\" data-element_type=\"column\">\n\t\t\t<div class=\"elementor-column-wrap  elementor-element-populated\">\n\t\t\t\t\t<div class=\"elementor-widget-wrap\">\n\t\t\t\t<div class=\"elementor-element elementor-element-61d6898 animated-fast elementor-invisible elementor-widget elementor-widget-heading\" data-id=\"61d6898\" data-element_type=\"widget\" data-settings=\"{&quot;_animation&quot;:&quot;fadeInUp&quot;,&quot;_animation_delay&quot;:600}\" data-widget_type=\"heading.default\">\n\t\t\t\t<div class=\"elementor-widget-container\">\n\t\t\t<span class=\"elementor-heading-title elementor-size-default\">ARCHITECTS<\/span>\t\t<\/div>\n\t\t\t\t<\/div>\n\t\t\t\t<div class=\"elementor-element elementor-element-80e1996 animated-fast elementor-invisible elementor-widget elementor-widget-text-editor\" data-id=\"80e1996\" data-element_type=\"widget\" data-settings=\"{&quot;_animation&quot;:&quot;fadeInUp&quot;,&quot;_animation_delay&quot;:200}\" data-widget_type=\"text-editor.default\">\n\t\t\t\t<div class=\"elementor-widget-container\">\n\t\t\t\t\t<div class=\"elementor-text-editor elementor-clearfix\"><p>Edgaras Neni\u0161kis<br \/>Rolandas Liola<br \/>Ar\u016bnas Liola<br \/>Ernesta Bagu\u017eait\u0117<br \/>Kipras Kazlauskas<\/p>\n<\/div>\n\t\t\t\t<\/div>\n\t\t\t\t<\/div>\n\t\t\t\t\t\t<\/div>\n\t\t\t<\/div>\n\t\t<\/div>\n\t\t\t\t\t\t<\/div>\n\t\t\t<\/div>\n\t\t<\/section>\n\t\t\t\t<div class=\"elementor-element elementor-element-4a829f1 animated-fast elementor-invisible elementor-widget elementor-widget-text-editor\" data-id=\"4a829f1\" data-element_type=\"widget\" data-settings=\"{&quot;_animation&quot;:&quot;fadeInUp&quot;,&quot;_animation_delay&quot;:800}\" data-widget_type=\"text-editor.default\">\n\t\t\t\t<div class=\"elementor-widget-container\">\n\t\t\t\t\t<div class=\"elementor-text-editor elementor-clearfix\"><p>The architectural concept of the project was inspired by an interesting context. The intersection of\u00a0 K\u0119stu\u010dio \/ S\u0117li\u0173 stands out for its multi-layered context, a kind of borderline between history and the future. A solution was found that meets the most modern architectural and technological criteria. Emphasis is placed on the ambition to create a sustainable environment in all aspects (physical and social).<\/p>\n<\/div>\n\t\t\t\t<\/div>\n\t\t\t\t<\/div>\n\t\t\t\t\t\t<\/div>\n\t\t\t<\/div>\n\t\t<\/div>\n\t\t\t\t<div class=\"elementor-element elementor-element-91621ea elementor-column elementor-col-50 elementor-top-column\" data-id=\"91621ea\" data-element_type=\"column\">\n\t\t\t<div class=\"elementor-column-wrap  elementor-element-populated\">\n\t\t\t\t\t<div class=\"elementor-widget-wrap\">\n\t\t\t\t<div class=\"elementor-element elementor-element-5bed815 animated-fast elementor-invisible elementor-widget elementor-widget-image\" data-id=\"5bed815\" data-element_type=\"widget\" data-settings=\"{&quot;_animation&quot;:&quot;fadeIn&quot;}\" data-widget_type=\"image.default\">\n\t\t\t\t<div class=\"elementor-widget-container\">\n\t\t\t\t\t<div class=\"elementor-image\">\n\t\t\t\t\t\t\t\t\t\t<img width=\"696\" height=\"1024\" src=\"https:\/\/arches.lt\/wp-content\/uploads\/2019\/06\/Vizualizacija_1_931108-696x1024.jpg\" class=\"attachment-large size-large\" alt=\"\" loading=\"lazy\" srcset=\"https:\/\/arches.lt\/wp-content\/uploads\/2019\/06\/Vizualizacija_1_931108-696x1024.jpg 696w, https:\/\/arches.lt\/wp-content\/uploads\/2019\/06\/Vizualizacija_1_931108-204x300.jpg 204w, https:\/\/arches.lt\/wp-content\/uploads\/2019\/06\/Vizualizacija_1_931108-768x1130.jpg 768w, https:\/\/arches.lt\/wp-content\/uploads\/2019\/06\/Vizualizacija_1_931108-440x647.jpg 440w, https:\/\/arches.lt\/wp-content\/uploads\/2019\/06\/Vizualizacija_1_931108-600x883.jpg 600w\" sizes=\"(max-width: 696px) 100vw, 696px\" \/>\t\t\t\t\t\t\t\t\t\t\t<\/div>\n\t\t\t\t<\/div>\n\t\t\t\t<\/div>\n\t\t\t\t\t\t<\/div>\n\t\t\t<\/div>\n\t\t<\/div>\n\t\t\t\t\t\t<\/div>\n\t\t\t<\/div>\n\t\t<\/section>\n\t\t\t\t<section class=\"elementor-element elementor-element-3ef719a elementor-section-boxed elementor-section-height-default elementor-section-height-default elementor-section elementor-top-section\" data-id=\"3ef719a\" data-element_type=\"section\">\n\t\t\t\t\t\t<div class=\"elementor-container elementor-column-gap-default\">\n\t\t\t\t<div class=\"elementor-row\">\n\t\t\t\t<div class=\"elementor-element elementor-element-1fddec6 elementor-column elementor-col-100 elementor-top-column\" data-id=\"1fddec6\" data-element_type=\"column\">\n\t\t\t<div class=\"elementor-column-wrap  elementor-element-populated\">\n\t\t\t\t\t<div class=\"elementor-widget-wrap\">\n\t\t\t\t<div class=\"elementor-element elementor-element-d055ce6 elementor-widget elementor-widget-spacer\" data-id=\"d055ce6\" data-element_type=\"widget\" data-widget_type=\"spacer.default\">\n\t\t\t\t<div class=\"elementor-widget-container\">\n\t\t\t\t\t<div class=\"elementor-spacer\">\n\t\t\t<div class=\"elementor-spacer-inner\"><\/div>\n\t\t<\/div>\n\t\t\t\t<\/div>\n\t\t\t\t<\/div>\n\t\t\t\t\t\t<\/div>\n\t\t\t<\/div>\n\t\t<\/div>\n\t\t\t\t\t\t<\/div>\n\t\t\t<\/div>\n\t\t<\/section>\n\t\t\t\t<section class=\"elementor-element elementor-element-b8a2ee7 elementor-section-boxed elementor-section-height-default elementor-section-height-default elementor-section elementor-top-section\" data-id=\"b8a2ee7\" data-element_type=\"section\">\n\t\t\t\t\t\t<div class=\"elementor-container elementor-column-gap-default\">\n\t\t\t\t<div class=\"elementor-row\">\n\t\t\t\t<div class=\"elementor-element elementor-element-52e4612 elementor-column elementor-col-66 elementor-top-column\" data-id=\"52e4612\" data-element_type=\"column\">\n\t\t\t<div class=\"elementor-column-wrap  elementor-element-populated\">\n\t\t\t\t\t<div class=\"elementor-widget-wrap\">\n\t\t\t\t<div class=\"elementor-element elementor-element-a982001 elementor-widget elementor-widget-image\" data-id=\"a982001\" data-element_type=\"widget\" data-widget_type=\"image.default\">\n\t\t\t\t<div class=\"elementor-widget-container\">\n\t\t\t\t\t<div class=\"elementor-image\">\n\t\t\t\t\t\t\t\t\t\t<img width=\"1024\" height=\"576\" src=\"https:\/\/arches.lt\/wp-content\/uploads\/2019\/06\/Vizualizacija_6_931108-1024x576.jpg\" class=\"attachment-large size-large\" alt=\"\" loading=\"lazy\" srcset=\"https:\/\/arches.lt\/wp-content\/uploads\/2019\/06\/Vizualizacija_6_931108-1024x576.jpg 1024w, https:\/\/arches.lt\/wp-content\/uploads\/2019\/06\/Vizualizacija_6_931108-300x169.jpg 300w, https:\/\/arches.lt\/wp-content\/uploads\/2019\/06\/Vizualizacija_6_931108-768x432.jpg 768w, https:\/\/arches.lt\/wp-content\/uploads\/2019\/06\/Vizualizacija_6_931108-440x247.jpg 440w, https:\/\/arches.lt\/wp-content\/uploads\/2019\/06\/Vizualizacija_6_931108-600x337.jpg 600w\" sizes=\"(max-width: 1024px) 100vw, 1024px\" \/>\t\t\t\t\t\t\t\t\t\t\t<\/div>\n\t\t\t\t<\/div>\n\t\t\t\t<\/div>\n\t\t\t\t\t\t<\/div>\n\t\t\t<\/div>\n\t\t<\/div>\n\t\t\t\t<div class=\"elementor-element elementor-element-a467ccb elementor-column elementor-col-33 elementor-top-column\" data-id=\"a467ccb\" data-element_type=\"column\">\n\t\t\t<div class=\"elementor-column-wrap  elementor-element-populated\">\n\t\t\t\t\t<div class=\"elementor-widget-wrap\">\n\t\t\t\t<div class=\"elementor-element elementor-element-060375d elementor-widget elementor-widget-text-editor\" data-id=\"060375d\" data-element_type=\"widget\" data-widget_type=\"text-editor.default\">\n\t\t\t\t<div class=\"elementor-widget-container\">\n\t\t\t\t\t<div class=\"elementor-text-editor elementor-clearfix\"><p>The architectural concept was based on a synergy of the context. It was important not only to offer a volume composition suitable for \u017dv\u0117rynas urban code, but also to ensure openings to the surroundings, letting in the light, accumulating solar and rain energy, maximizing the amount of public spaces and functions, increasing the area of green areas<\/p>\n<\/div>\n\t\t\t\t<\/div>\n\t\t\t\t<\/div>\n\t\t\t\t\t\t<\/div>\n\t\t\t<\/div>\n\t\t<\/div>\n\t\t\t\t\t\t<\/div>\n\t\t\t<\/div>\n\t\t<\/section>\n\t\t\t\t<section class=\"elementor-element elementor-element-081da7d elementor-section-boxed elementor-section-height-default elementor-section-height-default elementor-section elementor-top-section\" data-id=\"081da7d\" data-element_type=\"section\">\n\t\t\t\t\t\t<div class=\"elementor-container elementor-column-gap-default\">\n\t\t\t\t<div class=\"elementor-row\">\n\t\t\t\t<div class=\"elementor-element elementor-element-648b725 elementor-column elementor-col-100 elementor-top-column\" data-id=\"648b725\" data-element_type=\"column\">\n\t\t\t<div class=\"elementor-column-wrap  elementor-element-populated\">\n\t\t\t\t\t<div class=\"elementor-widget-wrap\">\n\t\t\t\t<div class=\"elementor-element elementor-element-c05f083 elementor-widget elementor-widget-spacer\" data-id=\"c05f083\" data-element_type=\"widget\" data-widget_type=\"spacer.default\">\n\t\t\t\t<div class=\"elementor-widget-container\">\n\t\t\t\t\t<div class=\"elementor-spacer\">\n\t\t\t<div class=\"elementor-spacer-inner\"><\/div>\n\t\t<\/div>\n\t\t\t\t<\/div>\n\t\t\t\t<\/div>\n\t\t\t\t\t\t<\/div>\n\t\t\t<\/div>\n\t\t<\/div>\n\t\t\t\t\t\t<\/div>\n\t\t\t<\/div>\n\t\t<\/section>\n\t\t\t\t<section class=\"elementor-element elementor-element-dadaf1e elementor-section-boxed elementor-section-height-default elementor-section-height-default elementor-section elementor-top-section\" data-id=\"dadaf1e\" data-element_type=\"section\">\n\t\t\t\t\t\t<div class=\"elementor-container elementor-column-gap-default\">\n\t\t\t\t<div class=\"elementor-row\">\n\t\t\t\t<div class=\"elementor-element elementor-element-002f70e elementor-column elementor-col-100 elementor-top-column\" data-id=\"002f70e\" data-element_type=\"column\">\n\t\t\t<div class=\"elementor-column-wrap  elementor-element-populated\">\n\t\t\t\t\t<div class=\"elementor-widget-wrap\">\n\t\t\t\t<div class=\"elementor-element elementor-element-7815599 animated-fast elementor-invisible elementor-widget elementor-widget-image\" data-id=\"7815599\" data-element_type=\"widget\" data-settings=\"{&quot;_animation&quot;:&quot;fadeInUp&quot;}\" data-widget_type=\"image.default\">\n\t\t\t\t<div class=\"elementor-widget-container\">\n\t\t\t\t\t<div class=\"elementor-image\">\n\t\t\t\t\t\t\t\t\t\t<img width=\"8475\" height=\"2568\" src=\"https:\/\/arches.lt\/wp-content\/uploads\/2019\/06\/4.jpg\" class=\"attachment-full size-full\" alt=\"\" loading=\"lazy\" srcset=\"https:\/\/arches.lt\/wp-content\/uploads\/2019\/06\/4.jpg 8475w, https:\/\/arches.lt\/wp-content\/uploads\/2019\/06\/4-300x91.jpg 300w, https:\/\/arches.lt\/wp-content\/uploads\/2019\/06\/4-768x233.jpg 768w, https:\/\/arches.lt\/wp-content\/uploads\/2019\/06\/4-1024x310.jpg 1024w, https:\/\/arches.lt\/wp-content\/uploads\/2019\/06\/4-440x133.jpg 440w, https:\/\/arches.lt\/wp-content\/uploads\/2019\/06\/4-600x182.jpg 600w\" sizes=\"(max-width: 8475px) 100vw, 8475px\" \/>\t\t\t\t\t\t\t\t\t\t\t<\/div>\n\t\t\t\t<\/div>\n\t\t\t\t<\/div>\n\t\t\t\t\t\t<\/div>\n\t\t\t<\/div>\n\t\t<\/div>\n\t\t\t\t\t\t<\/div>\n\t\t\t<\/div>\n\t\t<\/section>\n\t\t\t\t\t\t<\/div>\n\t\t\t<\/div>\n\t\t<\/div>\n\t\t","protected":false},"excerpt":{"rendered":"<p>Office building in Seliu str. Location Vilnius Year 2018 ARCHITECTS Edgaras Neni\u0161kisRolandas LiolaAr\u016bnas LiolaErnesta Bagu\u017eait\u0117Kipras Kazlauskas The architectural concept of the project was inspired by an interesting context. The intersection of\u00a0 K\u0119stu\u010dio \/ S\u0117li\u0173 stands out for its multi-layered context, [&hellip;]<\/p>\n","protected":false},"author":1,"featured_media":0,"parent":0,"menu_order":0,"comment_status":"closed","ping_status":"closed","template":"","meta":{"_monsterinsights_skip_tracking":false,"_monsterinsights_sitenote_active":false,"_monsterinsights_sitenote_note":"","_monsterinsights_sitenote_category":0},"yoast_head":"<!-- This site is optimized with the Yoast SEO plugin v17.5 - https:\/\/yoast.com\/wordpress\/plugins\/seo\/ -->\n<title>Office building in Seliu str. - arches<\/title>\n<meta name=\"robots\" content=\"index, follow, max-snippet:-1, max-image-preview:large, max-video-preview:-1\" \/>\n<link rel=\"canonical\" href=\"https:\/\/arches.lt\/biuras-seliu-g\/\" \/>\n<meta property=\"og:locale\" content=\"en_US\" \/>\n<meta property=\"og:type\" content=\"article\" \/>\n<meta property=\"og:title\" content=\"Office building in Seliu str. - arches\" \/>\n<meta property=\"og:description\" content=\"Office building in Seliu str. Location Vilnius Year 2018 ARCHITECTS Edgaras Neni\u0161kisRolandas LiolaAr\u016bnas LiolaErnesta Bagu\u017eait\u0117Kipras Kazlauskas The architectural concept of the project was inspired by an interesting context. The intersection of\u00a0 K\u0119stu\u010dio \/ S\u0117li\u0173 stands out for its multi-layered context, [&hellip;]\" \/>\n<meta property=\"og:url\" content=\"https:\/\/arches.lt\/biuras-seliu-g\/\" \/>\n<meta property=\"og:site_name\" content=\"arches\" \/>\n<meta property=\"article:modified_time\" content=\"2022-02-07T18:51:13+00:00\" \/>\n<meta property=\"og:image\" content=\"https:\/\/arches.lt\/wp-content\/uploads\/2019\/06\/Vizualizacija_1_931108-696x1024.jpg\" \/>\n<meta name=\"twitter:card\" content=\"summary_large_image\" \/>\n<meta name=\"twitter:label1\" content=\"Est. reading time\" \/>\n\t<meta name=\"twitter:data1\" content=\"1 minute\" \/>\n<script type=\"application\/ld+json\" class=\"yoast-schema-graph\">{\"@context\":\"https:\/\/schema.org\",\"@graph\":[{\"@type\":\"WebSite\",\"@id\":\"https:\/\/arches.lt\/#website\",\"url\":\"https:\/\/arches.lt\/\",\"name\":\"arches\",\"description\":\"Architekt\\u0173 studija\",\"potentialAction\":[{\"@type\":\"SearchAction\",\"target\":{\"@type\":\"EntryPoint\",\"urlTemplate\":\"https:\/\/arches.lt\/?s={search_term_string}\"},\"query-input\":\"required name=search_term_string\"}],\"inLanguage\":\"en-US\"},{\"@type\":\"ImageObject\",\"@id\":\"https:\/\/arches.lt\/biuras-seliu-g\/#primaryimage\",\"inLanguage\":\"en-US\",\"url\":\"https:\/\/arches.lt\/wp-content\/uploads\/2019\/06\/Vizualizacija_1_931108.jpg\",\"contentUrl\":\"https:\/\/arches.lt\/wp-content\/uploads\/2019\/06\/Vizualizacija_1_931108.jpg\",\"width\":2178,\"height\":3204},{\"@type\":\"WebPage\",\"@id\":\"https:\/\/arches.lt\/biuras-seliu-g\/#webpage\",\"url\":\"https:\/\/arches.lt\/biuras-seliu-g\/\",\"name\":\"Office building in Seliu str. - arches\",\"isPartOf\":{\"@id\":\"https:\/\/arches.lt\/#website\"},\"primaryImageOfPage\":{\"@id\":\"https:\/\/arches.lt\/biuras-seliu-g\/#primaryimage\"},\"datePublished\":\"2022-02-07T18:51:10+00:00\",\"dateModified\":\"2022-02-07T18:51:13+00:00\",\"breadcrumb\":{\"@id\":\"https:\/\/arches.lt\/biuras-seliu-g\/#breadcrumb\"},\"inLanguage\":\"en-US\",\"potentialAction\":[{\"@type\":\"ReadAction\",\"target\":[\"https:\/\/arches.lt\/biuras-seliu-g\/\"]}]},{\"@type\":\"BreadcrumbList\",\"@id\":\"https:\/\/arches.lt\/biuras-seliu-g\/#breadcrumb\",\"itemListElement\":[{\"@type\":\"ListItem\",\"position\":1,\"name\":\"Home\",\"item\":\"https:\/\/arches.lt\/\"},{\"@type\":\"ListItem\",\"position\":2,\"name\":\"Office building in Seliu str.\"}]}]}<\/script>\n<!-- \/ Yoast SEO plugin. -->","yoast_head_json":{"title":"Office building in Seliu str. - arches","robots":{"index":"index","follow":"follow","max-snippet":"max-snippet:-1","max-image-preview":"max-image-preview:large","max-video-preview":"max-video-preview:-1"},"canonical":"https:\/\/arches.lt\/biuras-seliu-g\/","og_locale":"en_US","og_type":"article","og_title":"Office building in Seliu str. - arches","og_description":"Office building in Seliu str. Location Vilnius Year 2018 ARCHITECTS Edgaras Neni\u0161kisRolandas LiolaAr\u016bnas LiolaErnesta Bagu\u017eait\u0117Kipras Kazlauskas The architectural concept of the project was inspired by an interesting context. The intersection of\u00a0 K\u0119stu\u010dio \/ S\u0117li\u0173 stands out for its multi-layered context, [&hellip;]","og_url":"https:\/\/arches.lt\/biuras-seliu-g\/","og_site_name":"arches","article_modified_time":"2022-02-07T18:51:13+00:00","og_image":[{"url":"https:\/\/arches.lt\/wp-content\/uploads\/2019\/06\/Vizualizacija_1_931108-696x1024.jpg"}],"twitter_card":"summary_large_image","twitter_misc":{"Est. reading time":"1 minute"},"schema":{"@context":"https:\/\/schema.org","@graph":[{"@type":"WebSite","@id":"https:\/\/arches.lt\/#website","url":"https:\/\/arches.lt\/","name":"arches","description":"Architekt\u0173 studija","potentialAction":[{"@type":"SearchAction","target":{"@type":"EntryPoint","urlTemplate":"https:\/\/arches.lt\/?s={search_term_string}"},"query-input":"required name=search_term_string"}],"inLanguage":"en-US"},{"@type":"ImageObject","@id":"https:\/\/arches.lt\/biuras-seliu-g\/#primaryimage","inLanguage":"en-US","url":"https:\/\/arches.lt\/wp-content\/uploads\/2019\/06\/Vizualizacija_1_931108.jpg","contentUrl":"https:\/\/arches.lt\/wp-content\/uploads\/2019\/06\/Vizualizacija_1_931108.jpg","width":2178,"height":3204},{"@type":"WebPage","@id":"https:\/\/arches.lt\/biuras-seliu-g\/#webpage","url":"https:\/\/arches.lt\/biuras-seliu-g\/","name":"Office building in Seliu str. - arches","isPartOf":{"@id":"https:\/\/arches.lt\/#website"},"primaryImageOfPage":{"@id":"https:\/\/arches.lt\/biuras-seliu-g\/#primaryimage"},"datePublished":"2022-02-07T18:51:10+00:00","dateModified":"2022-02-07T18:51:13+00:00","breadcrumb":{"@id":"https:\/\/arches.lt\/biuras-seliu-g\/#breadcrumb"},"inLanguage":"en-US","potentialAction":[{"@type":"ReadAction","target":["https:\/\/arches.lt\/biuras-seliu-g\/"]}]},{"@type":"BreadcrumbList","@id":"https:\/\/arches.lt\/biuras-seliu-g\/#breadcrumb","itemListElement":[{"@type":"ListItem","position":1,"name":"Home","item":"https:\/\/arches.lt\/"},{"@type":"ListItem","position":2,"name":"Office building in Seliu str."}]}]}},"_links":{"self":[{"href":"https:\/\/arches.lt\/en\/wp-json\/wp\/v2\/pages\/7318"}],"collection":[{"href":"https:\/\/arches.lt\/en\/wp-json\/wp\/v2\/pages"}],"about":[{"href":"https:\/\/arches.lt\/en\/wp-json\/wp\/v2\/types\/page"}],"author":[{"embeddable":true,"href":"https:\/\/arches.lt\/en\/wp-json\/wp\/v2\/users\/1"}],"replies":[{"embeddable":true,"href":"https:\/\/arches.lt\/en\/wp-json\/wp\/v2\/comments?post=7318"}],"version-history":[{"count":1,"href":"https:\/\/arches.lt\/en\/wp-json\/wp\/v2\/pages\/7318\/revisions"}],"predecessor-version":[{"id":7319,"href":"https:\/\/arches.lt\/en\/wp-json\/wp\/v2\/pages\/7318\/revisions\/7319"}],"wp:attachment":[{"href":"https:\/\/arches.lt\/en\/wp-json\/wp\/v2\/media?parent=7318"}],"curies":[{"name":"wp","href":"https:\/\/api.w.org\/{rel}","templated":true}]}}