{"id":7273,"date":"2021-11-26T06:30:27","date_gmt":"2021-11-26T08:30:27","guid":{"rendered":"https:\/\/arches.lt\/achievements\/"},"modified":"2024-01-12T06:41:49","modified_gmt":"2024-01-12T08:41:49","slug":"achievements","status":"publish","type":"page","link":"https:\/\/arches.lt\/en\/achievements\/","title":{"rendered":"Achievements"},"content":{"rendered":"\t\t<div data-elementor-type=\"wp-post\" data-elementor-id=\"7273\" class=\"elementor elementor-7273 elementor-3234\" data-elementor-settings=\"[]\">\n\t\t\t<div class=\"elementor-inner\">\n\t\t\t\t<div class=\"elementor-section-wrap\">\n\t\t\t\t\t\t\t<section class=\"elementor-element elementor-element-607e931 elementor-section-boxed elementor-section-height-default elementor-section-height-default elementor-section elementor-top-section\" data-id=\"607e931\" data-element_type=\"section\">\n\t\t\t\t\t\t<div class=\"elementor-container elementor-column-gap-default\">\n\t\t\t\t<div class=\"elementor-row\">\n\t\t\t\t<div class=\"elementor-element elementor-element-8037154 elementor-column elementor-col-100 elementor-top-column\" data-id=\"8037154\" data-element_type=\"column\">\n\t\t\t<div class=\"elementor-column-wrap  elementor-element-populated\">\n\t\t\t\t\t<div class=\"elementor-widget-wrap\">\n\t\t\t\t<div class=\"elementor-element elementor-element-43d6476 animated-fast elementor-invisible elementor-widget elementor-widget-text-editor\" data-id=\"43d6476\" data-element_type=\"widget\" data-settings=\"{&quot;_animation&quot;:&quot;slideInLeft&quot;}\" data-widget_type=\"text-editor.default\">\n\t\t\t\t<div class=\"elementor-widget-container\">\n\t\t\t\t\t<div class=\"elementor-text-editor elementor-clearfix\"><p><\/p>\n<\/div>\n\t\t\t\t<\/div>\n\t\t\t\t<\/div>\n\t\t\t\t<div class=\"elementor-element elementor-element-06c221c elementor-hidden-desktop elementor-hidden-tablet elementor-hidden-phone elementor-widget elementor-widget-photographer-slider-velo\" data-id=\"06c221c\" data-element_type=\"widget\" data-widget_type=\"photographer-slider-velo.default\">\n\t\t\t\t<div class=\"elementor-widget-container\">\n\t\t\t<section class=\"tg_velo_slide_container velo-slides\" data-velo-slider=\"on\">\n\t\t<section class=\"velo-slide is-hovering\">\n\t\t\t<div class=\"velo-slide__bg\">\n\t        \t<span class=\"border\"><span><\/span><\/span>\n\t\t\t\t<figure class=\"velo-slide__figure\" style=\"background-image: url(https:\/\/arches.lt\/wp-content\/uploads\/2019\/06\/7.jpg)\"><\/figure>\n\t      \t<\/div>\n\t\t\t\n\t\t\t<header class=\"velo-slide__header\">\n\t\t\t\t\t\t        <h2 class=\"velo-slide__title\"><span class=\"oh\"><span>Surface Design Awards<\/span><\/span><\/h2>\n\t\t        \t\t        \n\t\t        \t\t        <p class=\"velo-slide__text\"><span class=\"oh\"><span>\u201eSurface Design Awards\u201d, vykusio \u201eBusiness Design Centre\u201d Londone, auk\u0161\u010diausias tarptautin\u0117s komisijos \u012fvertinimas \u201eSl\u0117nio vilai\u201d \u2013 u\u017e tvarius fasadinius sprendinius.<\/span><\/span><\/p>\n\t\t        \t\t        \n\t\t        \t\t        <span class=\"velo-slide__btn\"><a class=\"btn-draw btn--white\" href=\"http:\/\/arches.lt\/archyvas\" ><span class=\"btn-draw__text\"><span>Pasiekim\u0173 archyvas<\/span><\/span><\/a><\/span>\n\t\t        \t      \t<\/header>\n\t\t<\/section>\n\t\t<section class=\"velo-slide is-hovering\">\n\t\t\t<div class=\"velo-slide__bg\">\n\t        \t<span class=\"border\"><span><\/span><\/span>\n\t\t\t\t<figure class=\"velo-slide__figure\" style=\"background-image: url(https:\/\/arches.lt\/wp-content\/uploads\/2020\/01\/0_arches_SLENIO-VILA_1-2.jpg)\"><\/figure>\n\t      \t<\/div>\n\t\t\t\n\t\t\t<header class=\"velo-slide__header\">\n\t\t\t\t\t\t        <h2 class=\"velo-slide__title\"><span class=\"oh\"><span>Mies van der Rohe&#039;19<\/span><\/span><\/h2>\n\t\t        \t\t        \n\t\t        \t\t        <p class=\"velo-slide__text\"><span class=\"oh\"><span>Arches projektas \u201eSl\u0117nio vila\u201d nominuotas presti\u017einiuose Mies van der Rohe&#039;19 apdovanojimuose.<\/span><\/span><\/p>\n\t\t        \t\t        \n\t\t        \t\t        <span class=\"velo-slide__btn\"><a class=\"btn-draw btn--white\" href=\"http:\/\/arches.lt\/archyvas\" ><span class=\"btn-draw__text\"><span>Pasiekim\u0173 archyvas<\/span><\/span><\/a><\/span>\n\t\t        \t      \t<\/header>\n\t\t<\/section>\n\t\t<section class=\"velo-slide is-hovering\">\n\t\t\t<div class=\"velo-slide__bg\">\n\t        \t<span class=\"border\"><span><\/span><\/span>\n\t\t\t\t<figure class=\"velo-slide__figure\" style=\"background-image: url(https:\/\/arches.lt\/wp-content\/uploads\/2020\/01\/ARCHES_Slenio-vila_IMG_4953-3.jpg)\"><\/figure>\n\t      \t<\/div>\n\t\t\t\n\t\t\t<header class=\"velo-slide__header\">\n\t\t\t\t\t\t        <h2 class=\"velo-slide__title\"><span class=\"oh\"><span>Canadian Wood Council\u2019s Wood Design and Building Awards<\/span><\/span><\/h2>\n\t\t        \t\t        \n\t\t        \t\t        <p class=\"velo-slide__text\"><span class=\"oh\"><span>Kanados architekt\u0173 \u012fvertinimas \u2013 \u201eCanadian Wood Council\u2019s Wood Design and Building Awards\u201d kiekvienais metais renka geriausi\u0105 medin\u0117s architekt\u016bros pavyzd\u012f pasaulyje. 2017 metais International Merit Award atiteko arches projektui \u201eSl\u0117nio Vila<\/span><\/span><\/p>\n\t\t        \t\t        \n\t\t        \t\t        <span class=\"velo-slide__btn\"><a class=\"btn-draw btn--white\" href=\"http:\/\/arches.lt\/archyvas\" ><span class=\"btn-draw__text\"><span>Pasiekim\u0173 archyvas<\/span><\/span><\/a><\/span>\n\t\t        \t      \t<\/header>\n\t\t<\/section>\n\t\t<section class=\"velo-slide is-hovering\">\n\t\t\t<div class=\"velo-slide__bg\">\n\t        \t<span class=\"border\"><span><\/span><\/span>\n\t\t\t\t<figure class=\"velo-slide__figure\" style=\"background-image: url(https:\/\/arches.lt\/wp-content\/uploads\/2020\/01\/Arches_Pragiedruliu-gIMG_9220.jpg)\"><\/figure>\n\t      \t<\/div>\n\t\t\t\n\t\t\t<header class=\"velo-slide__header\">\n\t\t\t\t\t\t        <h2 class=\"velo-slide__title\"><span class=\"oh\"><span>The Journal of the American Institute of Architects<\/span><\/span><\/h2>\n\t\t        \t\t        \n\t\t        \t\t        <p class=\"velo-slide__text\"><span class=\"oh\"><span>Arches projektas \u201eSl\u0117nio Vila\u201d \u017eurnalo \u201cThe Journal of the American Institute of Architects\u201d tarptautin\u0117s komisijos i\u0161rinktas geriausia 2017 met\u0173 gyvenamosios architekt\u016bros realizacija kategorijoje: \u201eNestandartiniai projektai, didesni nei 280 m\u00b2&quot;.<\/span><\/span><\/p>\n\t\t        \t\t        \n\t\t        \t\t        <span class=\"velo-slide__btn\"><a class=\"btn-draw btn--white\" href=\"http:\/\/arches.lt\/archyvas\" ><span class=\"btn-draw__text\"><span>Pasiekim\u0173 archyvas<\/span><\/span><\/a><\/span>\n\t\t        \t      \t<\/header>\n\t\t<\/section>\n\t\t<section class=\"velo-slide is-hovering\">\n\t\t\t<div class=\"velo-slide__bg\">\n\t        \t<span class=\"border\"><span><\/span><\/span>\n\t\t\t\t<figure class=\"velo-slide__figure\" style=\"background-image: url(https:\/\/arches.lt\/wp-content\/uploads\/2019\/06\/IMG_7091.jpg)\"><\/figure>\n\t      \t<\/div>\n\t\t\t\n\t\t\t<header class=\"velo-slide__header\">\n\t\t\t\t\t\t        <h2 class=\"velo-slide__title\"><span class=\"oh\"><span>Tendencijos 2017<\/span><\/span><\/h2>\n\t\t        \t\t        \n\t\t        \t\t        <p class=\"velo-slide__text\"><span class=\"oh\"><span>Projektas \u201eSl\u0117nio vila\u201d \u017eurnalo \u201eNamas ir a\u0161\u201d organizuotame konkurse \u201eTendencijos 2017\u201d tapo geriausiu net dviejose \u2013 Individualaus gyvenamojo namo ir Privataus interjero kategorijose.<\/span><\/span><\/p>\n\t\t        \t\t        \n\t\t        \t\t        <span class=\"velo-slide__btn\"><a class=\"btn-draw btn--white\" href=\"http:\/\/arches.lt\/archyvas\" ><span class=\"btn-draw__text\"><span>Pasiekim\u0173 archyvas<\/span><\/span><\/a><\/span>\n\t\t        \t      \t<\/header>\n\t\t<\/section>\n\t\t<section class=\"velo-slide is-hovering\">\n\t\t\t<div class=\"velo-slide__bg\">\n\t        \t<span class=\"border\"><span><\/span><\/span>\n\t\t\t\t<figure class=\"velo-slide__figure\" style=\"background-image: url(https:\/\/arches.lt\/wp-content\/uploads\/2020\/01\/0_arches_SLENIO-VILA_1-Copy.jpg)\"><\/figure>\n\t      \t<\/div>\n\t\t\t\n\t\t\t<header class=\"velo-slide__header\">\n\t\t\t\t\t\t        <h2 class=\"velo-slide__title\"><span class=\"oh\"><span>Met\u0173 interjeras\/Auksin\u0117 palet\u0117\u201816<\/span><\/span><\/h2>\n\t\t        \t\t        \n\t\t        \t\t        <p class=\"velo-slide__text\"><span class=\"oh\"><span>Portalo \u201einterjeras.lt\u201d organizuojamame konkurse \u201eMet\u0173 interjeras\/Auksin\u0117 palet\u0117\u201816\u201c projektas \u201eSl\u0117nio vila\u201c nuominuotas ir apdovanotas kaip \u201eGeriausias privatus interjeras\u201c.<\/span><\/span><\/p>\n\t\t        \t\t        \n\t\t        \t\t        <span class=\"velo-slide__btn\"><a class=\"btn-draw btn--white\" href=\"http:\/\/arches.lt\/archyvas\" ><span class=\"btn-draw__text\"><span>Pasiekim\u0173 archyvas<\/span><\/span><\/a><\/span>\n\t\t        \t      \t<\/header>\n\t\t<\/section>\n\t\t<section class=\"velo-slide is-hovering\">\n\t\t\t<div class=\"velo-slide__bg\">\n\t        \t<span class=\"border\"><span><\/span><\/span>\n\t\t\t\t<figure class=\"velo-slide__figure\" style=\"background-image: url(https:\/\/arches.lt\/wp-content\/uploads\/2020\/01\/0_arches_SLENIO-VILA_10.jpg)\"><\/figure>\n\t      \t<\/div>\n\t\t\t\n\t\t\t<header class=\"velo-slide__header\">\n\t\t\t\t\t\t        <h2 class=\"velo-slide__title\"><span class=\"oh\"><span>Archiforma 2016<\/span><\/span><\/h2>\n\t\t        \t\t        \n\t\t        \t\t        <p class=\"velo-slide__text\"><span class=\"oh\"><span>Projektas \u201eSl\u0117nio vila\u201d nominuotas archiformos 2016 m. apdovanojimuose\n\u2013 u\u017e savit\u0105 menin\u0119 koncepcij\u0105.<\/span><\/span><\/p>\n\t\t        \t\t        \n\t\t        \t\t        <span class=\"velo-slide__btn\"><a class=\"btn-draw btn--white\" href=\"http:\/\/arches.lt\/archyvas\" ><span class=\"btn-draw__text\"><span>Pasiekim\u0173 archyvas<\/span><\/span><\/a><\/span>\n\t\t        \t      \t<\/header>\n\t\t<\/section>\n\t\t<section class=\"velo-slide is-hovering\">\n\t\t\t<div class=\"velo-slide__bg\">\n\t        \t<span class=\"border\"><span><\/span><\/span>\n\t\t\t\t<figure class=\"velo-slide__figure\" style=\"background-image: url(https:\/\/arches.lt\/wp-content\/uploads\/2019\/06\/ARCHES_QUADRUM_5.jpg)\"><\/figure>\n\t      \t<\/div>\n\t\t\t\n\t\t\t<header class=\"velo-slide__header\">\n\t\t\t\t\t\t        <h2 class=\"velo-slide__title\"><span class=\"oh\"><span>Vidurio ir Ryt\u0173 Europos paslaug\u0173 centr\u0173 apdovanojimai<\/span><\/span><\/h2>\n\t\t        \t\t        \n\t\t        \t\t        <p class=\"velo-slide__text\"><span class=\"oh\"><span>Var\u0161uvoje vykusiuose kasmetiniuose Vidurio ir Ryt\u0173 Europos paslaug\u0173 centr\u0173 apdovanojimuose biur\u0173 kompleksas \u201eQuadrum\u201c Vilniuje, Konstitucijos prospekte, pripa\u017eintas geriausiu biur\u0173 pastatu, skirtu paslaug\u0173 centrams.<\/span><\/span><\/p>\n\t\t        \t\t        \n\t\t        \t\t        <span class=\"velo-slide__btn\"><a class=\"btn-draw btn--white\" href=\"http:\/\/arches.lt\/archyvas\" ><span class=\"btn-draw__text\"><span>Pasiekim\u0173 archyvas<\/span><\/span><\/a><\/span>\n\t\t        \t      \t<\/header>\n\t\t<\/section>\n\t\t<section class=\"velo-slide is-hovering\">\n\t\t\t<div class=\"velo-slide__bg\">\n\t        \t<span class=\"border\"><span><\/span><\/span>\n\t\t\t\t<figure class=\"velo-slide__figure\" style=\"background-image: url(https:\/\/arches.lt\/wp-content\/uploads\/2019\/06\/gazele-didesne-2.jpg)\"><\/figure>\n\t      \t<\/div>\n\t\t\t\n\t\t\t<header class=\"velo-slide__header\">\n\t\t\t\t\t\t        <h2 class=\"velo-slide__title\"><span class=\"oh\"><span>Met\u0173 Gazel\u0117 2016<\/span><\/span><\/h2>\n\t\t        \t\t        \n\t\t        \t\t        <p class=\"velo-slide__text\"><span class=\"oh\"><span>Dienra\u0161\u010dio \u201eVerslo \u017einios\u201d organizuotame \u201eMet\u0173 Gazel\u0117 2016\u201d konkurse arches pateko tarp spar\u010diausiai augan\u010di\u0173 Lietuvos bendrovi\u0173.<\/span><\/span><\/p>\n\t\t        \t\t        \n\t\t        \t\t        <span class=\"velo-slide__btn\"><a class=\"btn-draw btn--white\" href=\"http:\/\/arches.lt\/archyvas\" ><span class=\"btn-draw__text\"><span>Pasiekim\u0173 archyvas<\/span><\/span><\/a><\/span>\n\t\t        \t      \t<\/header>\n\t\t<\/section>\n\t\t<section class=\"velo-slide is-hovering\">\n\t\t\t<div class=\"velo-slide__bg\">\n\t        \t<span class=\"border\"><span><\/span><\/span>\n\t\t\t\t<figure class=\"velo-slide__figure\" style=\"background-image: url(https:\/\/arches.lt\/wp-content\/uploads\/2019\/06\/FINAL-ANTRA_mazesne.png)\"><\/figure>\n\t      \t<\/div>\n\t\t\t\n\t\t\t<header class=\"velo-slide__header\">\n\t\t\t\t\t\t        <h2 class=\"velo-slide__title\"><span class=\"oh\"><span>Projektas\u201eSkaidrus\u201c<\/span><\/span><\/h2>\n\t\t        \t\t        \n\t\t        \t\t        <p class=\"velo-slide__text\"><span class=\"oh\"><span>arches projektui \u201eSkaidrus\u201c architekt\u016briniame verslo centro konkurse Ukmerg\u0117s g. 219, Vilniuje, skirta antroji vieta. Konkurso organizatorius \u201e\u0160e\u0161kin\u0117s projektai\u201d<\/span><\/span><\/p>\n\t\t        \t\t        \n\t\t        \t\t        <span class=\"velo-slide__btn\"><a class=\"btn-draw btn--white\" href=\"http:\/\/arches.lt\/archyvas\" ><span class=\"btn-draw__text\"><span>Pasiekim\u0173 archyvas<\/span><\/span><\/a><\/span>\n\t\t        \t      \t<\/header>\n\t\t<\/section>\n\t\t<section class=\"velo-slide is-hovering\">\n\t\t\t<div class=\"velo-slide__bg\">\n\t        \t<span class=\"border\"><span><\/span><\/span>\n\t\t\t\t<figure class=\"velo-slide__figure\" style=\"background-image: url(https:\/\/arches.lt\/wp-content\/uploads\/2019\/06\/zvilgsnis-i-save-15-metro.jpg)\"><\/figure>\n\t      \t<\/div>\n\t\t\t\n\t\t\t<header class=\"velo-slide__header\">\n\t\t\t\t\t\t        <h2 class=\"velo-slide__title\"><span class=\"oh\"><span>\u017dvilgsnis \u012f save 2015-2016<\/span><\/span><\/h2>\n\t\t        \t\t        \n\t\t        \t\t        <p class=\"velo-slide__text\"><span class=\"oh\"><span>Projektas \u201eSl\u0117nio vila\u201d \u0161iuolaikin\u0117s Lietuvos architekt\u016bros parodoje \u2013 konkurse \u201e\u017dvilgsnis \u012f save 2015-2016\u201d apdovanotas pagrindiniu prizu \u201emetras 1\/5\u201d<\/span><\/span><\/p>\n\t\t        \t\t        \n\t\t        \t\t        <span class=\"velo-slide__btn\"><a class=\"btn-draw btn--white\" href=\"http:\/\/arches.lt\/archyvas\" ><span class=\"btn-draw__text\"><span>Pasiekim\u0173 archyvas<\/span><\/span><\/a><\/span>\n\t\t        \t      \t<\/header>\n\t\t<\/section>\n\t\t<section class=\"velo-slide is-hovering\">\n\t\t\t<div class=\"velo-slide__bg\">\n\t        \t<span class=\"border\"><span><\/span><\/span>\n\t\t\t\t<figure class=\"velo-slide__figure\" style=\"background-image: url(https:\/\/arches.lt\/wp-content\/uploads\/2019\/06\/mano-erdve-knygele.jpg)\"><\/figure>\n\t      \t<\/div>\n\t\t\t\n\t\t\t<header class=\"velo-slide__header\">\n\t\t\t\t\t\t        <h2 class=\"velo-slide__title\"><span class=\"oh\"><span>Mano Erdv\u0117 2016<\/span><\/span><\/h2>\n\t\t        \t\t        \n\t\t        \t\t        <p class=\"velo-slide__text\"><span class=\"oh\"><span>Lietuvos architekt\u0173 s\u0105jungos ir dienra\u0161\u010dio \u201eLietuvos rytas\u201d organizuotame konkurse \u201eMano Erdv\u0117 2016\u201c geriausiu namo interjeru i\u0161rinktas studijos \u201eArches\u201c projektas \u201eSl\u0117nio vila\u201c.<\/span><\/span><\/p>\n\t\t        \t\t        \n\t\t        \t\t        <span class=\"velo-slide__btn\"><a class=\"btn-draw btn--white\" href=\"http:\/\/arches.lt\/archyvas\" ><span class=\"btn-draw__text\"><span>Pasiekim\u0173 archyvas<\/span><\/span><\/a><\/span>\n\t\t        \t      \t<\/header>\n\t\t<\/section>\n\t\t<section class=\"velo-slide is-hovering\">\n\t\t\t<div class=\"velo-slide__bg\">\n\t        \t<span class=\"border\"><span><\/span><\/span>\n\t\t\t\t<figure class=\"velo-slide__figure\" style=\"background-image: url(https:\/\/arches.lt\/wp-content\/uploads\/2020\/01\/Vila-X_11-scaled.jpg)\"><\/figure>\n\t      \t<\/div>\n\t\t\t\n\t\t\t<header class=\"velo-slide__header\">\n\t\t\t\t\t\t        <h2 class=\"velo-slide__title\"><span class=\"oh\"><span>Met\u0173 interjeras 2012 m. <\/span><\/span><\/h2>\n\t\t        \t\t        \n\t\t        \t\t        <p class=\"velo-slide__text\"><span class=\"oh\"><span>Konkurso \u201eMet\u0173 interjeras\u201c apdovanojimas \u201eAuksin\u0117 palet\u0117\u201c u\u017e inovatyviausi\u0105 2012 m. interjer\u0105 \u2013 individualus namas \u201eVila X\u201c\n<\/span><\/span><\/p>\n\t\t        \t\t        \n\t\t        \t\t        <span class=\"velo-slide__btn\"><a class=\"btn-draw btn--white\" href=\"http:\/\/naujas.arches.lt\/archyvas\" ><span class=\"btn-draw__text\"><span>Pasiekim\u0173 archyvas<\/span><\/span><\/a><\/span>\n\t\t        \t      \t<\/header>\n\t\t<\/section>\n\t\t<section class=\"velo-slide is-hovering\">\n\t\t\t<div class=\"velo-slide__bg\">\n\t        \t<span class=\"border\"><span><\/span><\/span>\n\t\t\t\t<figure class=\"velo-slide__figure\" style=\"background-image: url(https:\/\/arches.lt\/wp-content\/uploads\/2019\/06\/01-galutiniai.jpg)\"><\/figure>\n\t      \t<\/div>\n\t\t\t\n\t\t\t<header class=\"velo-slide__header\">\n\t\t\t\t\t\t        <h2 class=\"velo-slide__title\"><span class=\"oh\"><span>\u017dalio kalno kiemas<\/span><\/span><\/h2>\n\t\t        \t\t        \n\t\t        \t\t        <p class=\"velo-slide__text\"><span class=\"oh\"><span>Architekt\u016brin\u0117s - urbanistin\u0117s daugiabu\u010di\u0173 pastat\u0173 Vilniuje, Daug\u0117li\u0161kio g.33, koncepcijos konkurso nugal\u0117tojas. Projektas \u201e\u017dalio kalno kiemas\u201c<\/span><\/span><\/p>\n\t\t        \t\t        \n\t\t        \t\t        <span class=\"velo-slide__btn\"><a class=\"btn-draw btn--white\" href=\"http:\/\/naujas.arches.lt\/archyvas\" ><span class=\"btn-draw__text\"><span>Pasiekim\u0173 archyvas<\/span><\/span><\/a><\/span>\n\t\t        \t      \t<\/header>\n\t\t<\/section>\n\t\t<section class=\"velo-slide is-hovering\">\n\t\t\t<div class=\"velo-slide__bg\">\n\t        \t<span class=\"border\"><span><\/span><\/span>\n\t\t\t\t<figure class=\"velo-slide__figure\" style=\"background-image: url(https:\/\/arches.lt\/wp-content\/uploads\/2019\/06\/ARCHIP-APDOVANOJIMAS-4.jpg)\"><\/figure>\n\t      \t<\/div>\n\t\t\t\n\t\t\t<header class=\"velo-slide__header\">\n\t\t\t\t\t\t        <h2 class=\"velo-slide__title\"><span class=\"oh\"><span>Salon \u2013 Press<\/span><\/span><\/h2>\n\t\t        \t\t        \n\t\t        \t\t        <p class=\"velo-slide__text\"><span class=\"oh\"><span>\u201eX tarptautinis architekt\u016bros apdovanojimas 2011\u201d (organizatoriai \u2013 leidykla \u201eSalon \u2013 Press\u201d , Maskva), Pagrindinis apdovanojimas individuali\u0173 nam\u0173 kategorijoje projektui \u201ePu\u0161ies \u0161akos\u201d Vilniuje.<\/span><\/span><\/p>\n\t\t        \t\t        \n\t\t        \t\t        <span class=\"velo-slide__btn\"><a class=\"btn-draw btn--white\" href=\"http:\/\/naujas.arches.lt\/archyvas\" ><span class=\"btn-draw__text\"><span>Pasiekim\u0173 archyvas<\/span><\/span><\/a><\/span>\n\t\t        \t      \t<\/header>\n\t\t<\/section>\n<\/section>\n\n<nav class=\"velo-slides-nav\">\n  <ul class=\"velo-slides-nav__list\">\n    <li>\n      <a class=\"js-velo-slides-prev velo-slides-nav__prev inactive\" href=\"#0\"><i class=\"icon-up-arrow\"><\/i><\/a>\n    <\/li>\n    <li>\n      <a class=\"js-velo-slides-next velo-slides-nav__next\" href=\"#0\"><i class=\"icon-down-arrow\"><\/i><\/a>\n    <\/li>\n  <\/ul>\n<\/nav>\n\t\t<\/div>\n\t\t\t\t<\/div>\n\t\t\t\t\t\t<\/div>\n\t\t\t<\/div>\n\t\t<\/div>\n\t\t\t\t\t\t<\/div>\n\t\t\t<\/div>\n\t\t<\/section>\n\t\t\t\t\t\t<\/div>\n\t\t\t<\/div>\n\t\t<\/div>\n\t\t","protected":false},"excerpt":{"rendered":"<p>Surface Design Awards \u201eSurface Design Awards\u201d, vykusio \u201eBusiness Design Centre\u201d Londone, auk\u0161\u010diausias tarptautin\u0117s komisijos \u012fvertinimas \u201eSl\u0117nio vilai\u201d \u2013 u\u017e tvarius fasadinius sprendinius. Pasiekim\u0173 archyvas Mies van der Rohe&#039;19 Arches projektas \u201eSl\u0117nio vila\u201d nominuotas presti\u017einiuose Mies van der Rohe&#039;19 apdovanojimuose. Pasiekim\u0173 [&hellip;]<\/p>\n","protected":false},"author":1,"featured_media":0,"parent":0,"menu_order":0,"comment_status":"closed","ping_status":"closed","template":"","meta":{"_monsterinsights_skip_tracking":false,"_monsterinsights_sitenote_active":false,"_monsterinsights_sitenote_note":"","_monsterinsights_sitenote_category":0},"yoast_head":"<!-- This site is optimized with the Yoast SEO plugin v17.5 - https:\/\/yoast.com\/wordpress\/plugins\/seo\/ -->\n<title>Achievements - arches<\/title>\n<meta name=\"robots\" content=\"index, follow, max-snippet:-1, max-image-preview:large, max-video-preview:-1\" \/>\n<link rel=\"canonical\" href=\"https:\/\/arches.lt\/pasiekimai\/\" \/>\n<meta property=\"og:locale\" content=\"en_US\" \/>\n<meta property=\"og:type\" content=\"article\" \/>\n<meta property=\"og:title\" content=\"Achievements - arches\" \/>\n<meta property=\"og:description\" content=\"Surface Design Awards \u201eSurface Design Awards\u201d, vykusio \u201eBusiness Design Centre\u201d Londone, auk\u0161\u010diausias tarptautin\u0117s komisijos \u012fvertinimas \u201eSl\u0117nio vilai\u201d \u2013 u\u017e tvarius fasadinius sprendinius. Pasiekim\u0173 archyvas Mies van der Rohe&#039;19 Arches projektas \u201eSl\u0117nio vila\u201d nominuotas presti\u017einiuose Mies van der Rohe&#039;19 apdovanojimuose. Pasiekim\u0173 [&hellip;]\" \/>\n<meta property=\"og:url\" content=\"https:\/\/arches.lt\/pasiekimai\/\" \/>\n<meta property=\"og:site_name\" content=\"arches\" \/>\n<meta property=\"article:modified_time\" content=\"2024-01-12T08:41:49+00:00\" \/>\n<meta name=\"twitter:card\" content=\"summary_large_image\" \/>\n<meta name=\"twitter:label1\" content=\"Est. reading time\" \/>\n\t<meta name=\"twitter:data1\" content=\"2 minutes\" \/>\n<script type=\"application\/ld+json\" class=\"yoast-schema-graph\">{\"@context\":\"https:\/\/schema.org\",\"@graph\":[{\"@type\":\"WebSite\",\"@id\":\"https:\/\/arches.lt\/#website\",\"url\":\"https:\/\/arches.lt\/\",\"name\":\"arches\",\"description\":\"Architekt\\u0173 studija\",\"potentialAction\":[{\"@type\":\"SearchAction\",\"target\":{\"@type\":\"EntryPoint\",\"urlTemplate\":\"https:\/\/arches.lt\/?s={search_term_string}\"},\"query-input\":\"required name=search_term_string\"}],\"inLanguage\":\"en-US\"},{\"@type\":\"WebPage\",\"@id\":\"https:\/\/arches.lt\/pasiekimai\/#webpage\",\"url\":\"https:\/\/arches.lt\/pasiekimai\/\",\"name\":\"Achievements - arches\",\"isPartOf\":{\"@id\":\"https:\/\/arches.lt\/#website\"},\"datePublished\":\"2021-11-26T08:30:27+00:00\",\"dateModified\":\"2024-01-12T08:41:49+00:00\",\"breadcrumb\":{\"@id\":\"https:\/\/arches.lt\/pasiekimai\/#breadcrumb\"},\"inLanguage\":\"en-US\",\"potentialAction\":[{\"@type\":\"ReadAction\",\"target\":[\"https:\/\/arches.lt\/pasiekimai\/\"]}]},{\"@type\":\"BreadcrumbList\",\"@id\":\"https:\/\/arches.lt\/pasiekimai\/#breadcrumb\",\"itemListElement\":[{\"@type\":\"ListItem\",\"position\":1,\"name\":\"Home\",\"item\":\"https:\/\/arches.lt\/\"},{\"@type\":\"ListItem\",\"position\":2,\"name\":\"Achievements\"}]}]}<\/script>\n<!-- \/ Yoast SEO plugin. -->","yoast_head_json":{"title":"Achievements - arches","robots":{"index":"index","follow":"follow","max-snippet":"max-snippet:-1","max-image-preview":"max-image-preview:large","max-video-preview":"max-video-preview:-1"},"canonical":"https:\/\/arches.lt\/pasiekimai\/","og_locale":"en_US","og_type":"article","og_title":"Achievements - arches","og_description":"Surface Design Awards \u201eSurface Design Awards\u201d, vykusio \u201eBusiness Design Centre\u201d Londone, auk\u0161\u010diausias tarptautin\u0117s komisijos \u012fvertinimas \u201eSl\u0117nio vilai\u201d \u2013 u\u017e tvarius fasadinius sprendinius. Pasiekim\u0173 archyvas Mies van der Rohe&#039;19 Arches projektas \u201eSl\u0117nio vila\u201d nominuotas presti\u017einiuose Mies van der Rohe&#039;19 apdovanojimuose. Pasiekim\u0173 [&hellip;]","og_url":"https:\/\/arches.lt\/pasiekimai\/","og_site_name":"arches","article_modified_time":"2024-01-12T08:41:49+00:00","twitter_card":"summary_large_image","twitter_misc":{"Est. reading time":"2 minutes"},"schema":{"@context":"https:\/\/schema.org","@graph":[{"@type":"WebSite","@id":"https:\/\/arches.lt\/#website","url":"https:\/\/arches.lt\/","name":"arches","description":"Architekt\u0173 studija","potentialAction":[{"@type":"SearchAction","target":{"@type":"EntryPoint","urlTemplate":"https:\/\/arches.lt\/?s={search_term_string}"},"query-input":"required name=search_term_string"}],"inLanguage":"en-US"},{"@type":"WebPage","@id":"https:\/\/arches.lt\/pasiekimai\/#webpage","url":"https:\/\/arches.lt\/pasiekimai\/","name":"Achievements - arches","isPartOf":{"@id":"https:\/\/arches.lt\/#website"},"datePublished":"2021-11-26T08:30:27+00:00","dateModified":"2024-01-12T08:41:49+00:00","breadcrumb":{"@id":"https:\/\/arches.lt\/pasiekimai\/#breadcrumb"},"inLanguage":"en-US","potentialAction":[{"@type":"ReadAction","target":["https:\/\/arches.lt\/pasiekimai\/"]}]},{"@type":"BreadcrumbList","@id":"https:\/\/arches.lt\/pasiekimai\/#breadcrumb","itemListElement":[{"@type":"ListItem","position":1,"name":"Home","item":"https:\/\/arches.lt\/"},{"@type":"ListItem","position":2,"name":"Achievements"}]}]}},"_links":{"self":[{"href":"https:\/\/arches.lt\/en\/wp-json\/wp\/v2\/pages\/7273"}],"collection":[{"href":"https:\/\/arches.lt\/en\/wp-json\/wp\/v2\/pages"}],"about":[{"href":"https:\/\/arches.lt\/en\/wp-json\/wp\/v2\/types\/page"}],"author":[{"embeddable":true,"href":"https:\/\/arches.lt\/en\/wp-json\/wp\/v2\/users\/1"}],"replies":[{"embeddable":true,"href":"https:\/\/arches.lt\/en\/wp-json\/wp\/v2\/comments?post=7273"}],"version-history":[{"count":9,"href":"https:\/\/arches.lt\/en\/wp-json\/wp\/v2\/pages\/7273\/revisions"}],"predecessor-version":[{"id":8123,"href":"https:\/\/arches.lt\/en\/wp-json\/wp\/v2\/pages\/7273\/revisions\/8123"}],"wp:attachment":[{"href":"https:\/\/arches.lt\/en\/wp-json\/wp\/v2\/media?parent=7273"}],"curies":[{"name":"wp","href":"https:\/\/api.w.org\/{rel}","templated":true}]}}