{"id":7156,"date":"2021-11-18T09:55:52","date_gmt":"2021-11-18T11:55:52","guid":{"rendered":"https:\/\/arches.lt\/green-hill-courtyard\/"},"modified":"2023-11-21T05:44:20","modified_gmt":"2023-11-21T07:44:20","slug":"green-hill-courtyard","status":"publish","type":"page","link":"https:\/\/arches.lt\/en\/green-hill-courtyard\/","title":{"rendered":"Green Hill Courtyard"},"content":{"rendered":"\t\t<div data-elementor-type=\"wp-post\" data-elementor-id=\"7156\" class=\"elementor elementor-7156 elementor-4639\" data-elementor-settings=\"[]\">\n\t\t\t<div class=\"elementor-inner\">\n\t\t\t\t<div class=\"elementor-section-wrap\">\n\t\t\t\t\t\t\t<section class=\"elementor-element elementor-element-e219beb elementor-section-stretched elementor-section-height-min-height elementor-section-boxed elementor-section-height-default elementor-section-items-middle elementor-section elementor-top-section\" data-id=\"e219beb\" data-element_type=\"section\" data-settings=\"{&quot;stretch_section&quot;:&quot;section-stretched&quot;,&quot;background_background&quot;:&quot;classic&quot;}\">\n\t\t\t\t\t\t<div class=\"elementor-container elementor-column-gap-default\">\n\t\t\t\t<div class=\"elementor-row\">\n\t\t\t\t<div class=\"elementor-element elementor-element-fe47423 elementor-column elementor-col-100 elementor-top-column\" data-id=\"fe47423\" data-element_type=\"column\">\n\t\t\t<div class=\"elementor-column-wrap\">\n\t\t\t\t\t<div class=\"elementor-widget-wrap\">\n\t\t\t\t\t\t<\/div>\n\t\t\t<\/div>\n\t\t<\/div>\n\t\t\t\t\t\t<\/div>\n\t\t\t<\/div>\n\t\t<\/section>\n\t\t\t\t<section class=\"elementor-element elementor-element-33a3495 elementor-section-boxed elementor-section-height-default elementor-section-height-default elementor-section elementor-top-section\" data-id=\"33a3495\" data-element_type=\"section\">\n\t\t\t\t\t\t<div class=\"elementor-container elementor-column-gap-default\">\n\t\t\t\t<div class=\"elementor-row\">\n\t\t\t\t<div class=\"elementor-element elementor-element-f961359 elementor-column elementor-col-100 elementor-top-column\" data-id=\"f961359\" data-element_type=\"column\">\n\t\t\t<div class=\"elementor-column-wrap  elementor-element-populated\">\n\t\t\t\t\t<div class=\"elementor-widget-wrap\">\n\t\t\t\t<div class=\"elementor-element elementor-element-20c12f3 elementor-widget elementor-widget-spacer\" data-id=\"20c12f3\" data-element_type=\"widget\" data-widget_type=\"spacer.default\">\n\t\t\t\t<div class=\"elementor-widget-container\">\n\t\t\t\t\t<div class=\"elementor-spacer\">\n\t\t\t<div class=\"elementor-spacer-inner\"><\/div>\n\t\t<\/div>\n\t\t\t\t<\/div>\n\t\t\t\t<\/div>\n\t\t\t\t\t\t<\/div>\n\t\t\t<\/div>\n\t\t<\/div>\n\t\t\t\t\t\t<\/div>\n\t\t\t<\/div>\n\t\t<\/section>\n\t\t\t\t<section class=\"elementor-element elementor-element-53c7c7c elementor-section-boxed elementor-section-height-default elementor-section-height-default elementor-section elementor-top-section\" data-id=\"53c7c7c\" data-element_type=\"section\">\n\t\t\t\t\t\t<div class=\"elementor-container elementor-column-gap-wider\">\n\t\t\t\t<div class=\"elementor-row\">\n\t\t\t\t<div class=\"elementor-element elementor-element-254a0e2 elementor-column elementor-col-50 elementor-top-column\" data-id=\"254a0e2\" data-element_type=\"column\">\n\t\t\t<div class=\"elementor-column-wrap  elementor-element-populated\">\n\t\t\t\t\t<div class=\"elementor-widget-wrap\">\n\t\t\t\t<div class=\"elementor-element elementor-element-1036483 animated-fast elementor-invisible elementor-widget elementor-widget-heading\" data-id=\"1036483\" data-element_type=\"widget\" data-settings=\"{&quot;_animation&quot;:&quot;fadeInUp&quot;}\" data-widget_type=\"heading.default\">\n\t\t\t\t<div class=\"elementor-widget-container\">\n\t\t\t<h1 class=\"elementor-heading-title elementor-size-default\">Green Hill Courtyard<\/h1>\t\t<\/div>\n\t\t\t\t<\/div>\n\t\t\t\t<section class=\"elementor-element elementor-element-8d53e24 elementor-section-full_width elementor-section-content-top elementor-section-height-default elementor-section-height-default elementor-section elementor-inner-section\" data-id=\"8d53e24\" data-element_type=\"section\">\n\t\t\t\t\t\t<div class=\"elementor-container elementor-column-gap-default\">\n\t\t\t\t<div class=\"elementor-row\">\n\t\t\t\t<div class=\"elementor-element elementor-element-347c9f7 elementor-column elementor-col-33 elementor-inner-column\" data-id=\"347c9f7\" data-element_type=\"column\">\n\t\t\t<div class=\"elementor-column-wrap  elementor-element-populated\">\n\t\t\t\t\t<div class=\"elementor-widget-wrap\">\n\t\t\t\t<div class=\"elementor-element elementor-element-7176a79 animated-fast elementor-invisible elementor-widget elementor-widget-heading\" data-id=\"7176a79\" data-element_type=\"widget\" data-settings=\"{&quot;_animation&quot;:&quot;fadeInUp&quot;,&quot;_animation_delay&quot;:200}\" data-widget_type=\"heading.default\">\n\t\t\t\t<div class=\"elementor-widget-container\">\n\t\t\t<span class=\"elementor-heading-title elementor-size-default\">Location<\/span>\t\t<\/div>\n\t\t\t\t<\/div>\n\t\t\t\t<div class=\"elementor-element elementor-element-a80326a animated-fast elementor-invisible elementor-widget elementor-widget-text-editor\" data-id=\"a80326a\" data-element_type=\"widget\" data-settings=\"{&quot;_animation&quot;:&quot;fadeInUp&quot;,&quot;_animation_delay&quot;:200}\" data-widget_type=\"text-editor.default\">\n\t\t\t\t<div class=\"elementor-widget-container\">\n\t\t\t\t\t<div class=\"elementor-text-editor elementor-clearfix\"><p>Vilnius<\/p>\n<\/div>\n\t\t\t\t<\/div>\n\t\t\t\t<\/div>\n\t\t\t\t\t\t<\/div>\n\t\t\t<\/div>\n\t\t<\/div>\n\t\t\t\t<div class=\"elementor-element elementor-element-fc44f38 elementor-column elementor-col-33 elementor-inner-column\" data-id=\"fc44f38\" data-element_type=\"column\">\n\t\t\t<div class=\"elementor-column-wrap  elementor-element-populated\">\n\t\t\t\t\t<div class=\"elementor-widget-wrap\">\n\t\t\t\t<div class=\"elementor-element elementor-element-49b03f8 animated-fast elementor-invisible elementor-widget elementor-widget-heading\" data-id=\"49b03f8\" data-element_type=\"widget\" data-settings=\"{&quot;_animation&quot;:&quot;fadeInUp&quot;,&quot;_animation_delay&quot;:400}\" data-widget_type=\"heading.default\">\n\t\t\t\t<div class=\"elementor-widget-container\">\n\t\t\t<span class=\"elementor-heading-title elementor-size-default\">Year<\/span>\t\t<\/div>\n\t\t\t\t<\/div>\n\t\t\t\t<div class=\"elementor-element elementor-element-b678c02 animated-fast elementor-invisible elementor-widget elementor-widget-text-editor\" data-id=\"b678c02\" data-element_type=\"widget\" data-settings=\"{&quot;_animation&quot;:&quot;fadeInUp&quot;,&quot;_animation_delay&quot;:200}\" data-widget_type=\"text-editor.default\">\n\t\t\t\t<div class=\"elementor-widget-container\">\n\t\t\t\t\t<div class=\"elementor-text-editor elementor-clearfix\"><p>2012<\/p>\n<\/div>\n\t\t\t\t<\/div>\n\t\t\t\t<\/div>\n\t\t\t\t\t\t<\/div>\n\t\t\t<\/div>\n\t\t<\/div>\n\t\t\t\t<div class=\"elementor-element elementor-element-f8d3cfd elementor-column elementor-col-33 elementor-inner-column\" data-id=\"f8d3cfd\" data-element_type=\"column\">\n\t\t\t<div class=\"elementor-column-wrap  elementor-element-populated\">\n\t\t\t\t\t<div class=\"elementor-widget-wrap\">\n\t\t\t\t<div class=\"elementor-element elementor-element-44f2bb6 animated-fast elementor-invisible elementor-widget elementor-widget-heading\" data-id=\"44f2bb6\" data-element_type=\"widget\" data-settings=\"{&quot;_animation&quot;:&quot;fadeInUp&quot;,&quot;_animation_delay&quot;:600}\" data-widget_type=\"heading.default\">\n\t\t\t\t<div class=\"elementor-widget-container\">\n\t\t\t<span class=\"elementor-heading-title elementor-size-default\">ARCHITECTS<\/span>\t\t<\/div>\n\t\t\t\t<\/div>\n\t\t\t\t<div class=\"elementor-element elementor-element-627d99d animated-fast elementor-invisible elementor-widget elementor-widget-text-editor\" data-id=\"627d99d\" data-element_type=\"widget\" data-settings=\"{&quot;_animation&quot;:&quot;fadeInUp&quot;,&quot;_animation_delay&quot;:200}\" data-widget_type=\"text-editor.default\">\n\t\t\t\t<div class=\"elementor-widget-container\">\n\t\t\t\t\t<div class=\"elementor-text-editor elementor-clearfix\"><p>Edgaras Neni\u0161kis<br \/>Ar\u016bnas Liola<br \/>R\u016bta Vitonyt\u0117<br \/>Margarita Ka\u010dikait\u0117<br \/>Akvil\u0117 Brazauskait\u0117<br \/>Marijus Vroblevi\u010dius<br \/>Lukas La\u017einskas<br \/>Dominyka \u0160ulcait\u0117<\/p><\/div>\n\t\t\t\t<\/div>\n\t\t\t\t<\/div>\n\t\t\t\t\t\t<\/div>\n\t\t\t<\/div>\n\t\t<\/div>\n\t\t\t\t\t\t<\/div>\n\t\t\t<\/div>\n\t\t<\/section>\n\t\t\t\t<div class=\"elementor-element elementor-element-78212cf animated-fast elementor-invisible elementor-widget elementor-widget-text-editor\" data-id=\"78212cf\" data-element_type=\"widget\" data-settings=\"{&quot;_animation&quot;:&quot;fadeInUp&quot;,&quot;_animation_delay&quot;:800}\" data-widget_type=\"text-editor.default\">\n\t\t\t\t<div class=\"elementor-widget-container\">\n\t\t\t\t\t<div class=\"elementor-text-editor elementor-clearfix\"><p>The designed complex is located in an area with a rich geological, natural and anthropogenic history. On the terrace formed by the glacier, the prehistoric riverbed of the Neris flowed in its time, so the area still has small hills, water ponds and, unfortunately, very few green areas. Therefore, in the development of residential areas, it is extremely vital to offer qualities that enrich the quality of the existing environment. One of the most important aspects was the creation of a safe green space for the quarter community and its integration into the wider system of public spaces (pedestrian streets, square, park) \u2013 GREEN HILL COURTYARD complex.<\/p>\n<\/div>\n\t\t\t\t<\/div>\n\t\t\t\t<\/div>\n\t\t\t\t\t\t<\/div>\n\t\t\t<\/div>\n\t\t<\/div>\n\t\t\t\t<div class=\"elementor-element elementor-element-218731e elementor-column elementor-col-50 elementor-top-column\" data-id=\"218731e\" data-element_type=\"column\">\n\t\t\t<div class=\"elementor-column-wrap  elementor-element-populated\">\n\t\t\t\t\t<div class=\"elementor-widget-wrap\">\n\t\t\t\t<div class=\"elementor-element elementor-element-5eb6a8b animated-fast elementor-invisible elementor-widget elementor-widget-image\" data-id=\"5eb6a8b\" data-element_type=\"widget\" data-settings=\"{&quot;_animation&quot;:&quot;fadeIn&quot;}\" data-widget_type=\"image.default\">\n\t\t\t\t<div class=\"elementor-widget-container\">\n\t\t\t\t\t<div class=\"elementor-image\">\n\t\t\t\t\t\t\t\t\t\t<img width=\"1024\" height=\"751\" src=\"https:\/\/arches.lt\/wp-content\/uploads\/2019\/06\/02-galutinis-1024x751.jpg\" class=\"attachment-large size-large\" alt=\"\" loading=\"lazy\" srcset=\"https:\/\/arches.lt\/wp-content\/uploads\/2019\/06\/02-galutinis-1024x751.jpg 1024w, https:\/\/arches.lt\/wp-content\/uploads\/2019\/06\/02-galutinis-300x220.jpg 300w, https:\/\/arches.lt\/wp-content\/uploads\/2019\/06\/02-galutinis-768x563.jpg 768w, https:\/\/arches.lt\/wp-content\/uploads\/2019\/06\/02-galutinis-440x323.jpg 440w, https:\/\/arches.lt\/wp-content\/uploads\/2019\/06\/02-galutinis-600x440.jpg 600w\" sizes=\"(max-width: 1024px) 100vw, 1024px\" \/>\t\t\t\t\t\t\t\t\t\t\t<\/div>\n\t\t\t\t<\/div>\n\t\t\t\t<\/div>\n\t\t\t\t\t\t<\/div>\n\t\t\t<\/div>\n\t\t<\/div>\n\t\t\t\t\t\t<\/div>\n\t\t\t<\/div>\n\t\t<\/section>\n\t\t\t\t<section class=\"elementor-element elementor-element-29129a1 elementor-section-boxed elementor-section-height-default elementor-section-height-default elementor-section elementor-top-section\" data-id=\"29129a1\" data-element_type=\"section\">\n\t\t\t\t\t\t<div class=\"elementor-container elementor-column-gap-default\">\n\t\t\t\t<div class=\"elementor-row\">\n\t\t\t\t<div class=\"elementor-element elementor-element-c471d69 elementor-column elementor-col-66 elementor-top-column\" data-id=\"c471d69\" data-element_type=\"column\">\n\t\t\t<div class=\"elementor-column-wrap  elementor-element-populated\">\n\t\t\t\t\t<div class=\"elementor-widget-wrap\">\n\t\t\t\t<div class=\"elementor-element elementor-element-705244a elementor-widget elementor-widget-text-editor\" data-id=\"705244a\" data-element_type=\"widget\" data-widget_type=\"text-editor.default\">\n\t\t\t\t<div class=\"elementor-widget-container\">\n\t\t\t\t\t<div class=\"elementor-text-editor elementor-clearfix\"><p>The architectural vision of the building was determined by the essential idea &#8211; to integrate it into the new environment of \u0160nipi\u0161k\u0117s as a part of the city center. .<\/p>\n<\/div>\n\t\t\t\t<\/div>\n\t\t\t\t<\/div>\n\t\t\t\t\t\t<\/div>\n\t\t\t<\/div>\n\t\t<\/div>\n\t\t\t\t<div class=\"elementor-element elementor-element-f12becd elementor-column elementor-col-33 elementor-top-column\" data-id=\"f12becd\" data-element_type=\"column\">\n\t\t\t<div class=\"elementor-column-wrap  elementor-element-populated\">\n\t\t\t\t\t<div class=\"elementor-widget-wrap\">\n\t\t\t\t<div class=\"elementor-element elementor-element-e23ccd5 elementor-widget elementor-widget-image\" data-id=\"e23ccd5\" data-element_type=\"widget\" data-widget_type=\"image.default\">\n\t\t\t\t<div class=\"elementor-widget-container\">\n\t\t\t\t\t<div class=\"elementor-image\">\n\t\t\t\t\t\t\t\t\t\t<img width=\"1024\" height=\"663\" src=\"https:\/\/arches.lt\/wp-content\/uploads\/2019\/06\/03-galutinis_-1024x663.jpg\" class=\"attachment-large size-large\" alt=\"\" loading=\"lazy\" srcset=\"https:\/\/arches.lt\/wp-content\/uploads\/2019\/06\/03-galutinis_-1024x663.jpg 1024w, https:\/\/arches.lt\/wp-content\/uploads\/2019\/06\/03-galutinis_-300x194.jpg 300w, https:\/\/arches.lt\/wp-content\/uploads\/2019\/06\/03-galutinis_-768x497.jpg 768w, https:\/\/arches.lt\/wp-content\/uploads\/2019\/06\/03-galutinis_-440x285.jpg 440w, https:\/\/arches.lt\/wp-content\/uploads\/2019\/06\/03-galutinis_-600x388.jpg 600w\" sizes=\"(max-width: 1024px) 100vw, 1024px\" \/>\t\t\t\t\t\t\t\t\t\t\t<\/div>\n\t\t\t\t<\/div>\n\t\t\t\t<\/div>\n\t\t\t\t\t\t<\/div>\n\t\t\t<\/div>\n\t\t<\/div>\n\t\t\t\t\t\t<\/div>\n\t\t\t<\/div>\n\t\t<\/section>\n\t\t\t\t<section class=\"elementor-element elementor-element-e33ed81 elementor-section-boxed elementor-section-height-default elementor-section-height-default elementor-section elementor-top-section\" data-id=\"e33ed81\" data-element_type=\"section\">\n\t\t\t\t\t\t<div class=\"elementor-container elementor-column-gap-default\">\n\t\t\t\t<div class=\"elementor-row\">\n\t\t\t\t<div class=\"elementor-element elementor-element-f03b929 elementor-column elementor-col-100 elementor-top-column\" data-id=\"f03b929\" data-element_type=\"column\">\n\t\t\t<div class=\"elementor-column-wrap  elementor-element-populated\">\n\t\t\t\t\t<div class=\"elementor-widget-wrap\">\n\t\t\t\t<div class=\"elementor-element elementor-element-9ff9fb2 elementor-widget elementor-widget-spacer\" data-id=\"9ff9fb2\" data-element_type=\"widget\" data-widget_type=\"spacer.default\">\n\t\t\t\t<div class=\"elementor-widget-container\">\n\t\t\t\t\t<div class=\"elementor-spacer\">\n\t\t\t<div class=\"elementor-spacer-inner\"><\/div>\n\t\t<\/div>\n\t\t\t\t<\/div>\n\t\t\t\t<\/div>\n\t\t\t\t\t\t<\/div>\n\t\t\t<\/div>\n\t\t<\/div>\n\t\t\t\t\t\t<\/div>\n\t\t\t<\/div>\n\t\t<\/section>\n\t\t\t\t<section class=\"elementor-element elementor-element-4fc38db elementor-section-boxed elementor-section-height-default elementor-section-height-default elementor-section elementor-top-section\" data-id=\"4fc38db\" data-element_type=\"section\">\n\t\t\t\t\t\t<div class=\"elementor-container elementor-column-gap-default\">\n\t\t\t\t<div class=\"elementor-row\">\n\t\t\t\t<div class=\"elementor-element elementor-element-d48eb75 elementor-column elementor-col-100 elementor-top-column\" data-id=\"d48eb75\" data-element_type=\"column\">\n\t\t\t<div class=\"elementor-column-wrap  elementor-element-populated\">\n\t\t\t\t\t<div class=\"elementor-widget-wrap\">\n\t\t\t\t<div class=\"elementor-element elementor-element-fd290ff elementor-widget elementor-widget-text-editor\" data-id=\"fd290ff\" data-element_type=\"widget\" data-widget_type=\"text-editor.default\">\n\t\t\t\t<div class=\"elementor-widget-container\">\n\t\t\t\t\t<div class=\"elementor-text-editor elementor-clearfix\"><p>The most important actions that form the architectural expression: the complex is created as a closed type space, inside which a green yard is formed and its continuation is a building &#8211; a mountain. The main volumes of residential buildings forming the perimeter of the plot are L-shaped The rotation of the volumes in relation to each other creates the main architectural-spatial composition and forms different types of spaces &#8211; the courtyard space is divided into three separate ones, creating a public plaza space in front of the high-rise building in the east. The western fa\u00e7ade of the building hill is being developed as a formant of the inner space of the quarter, therefore it is maximally divided, creating a transition to smaller-scale structures possible in the nearby plots Residents\u2019 courtyards are raised from street level over one floor and planted (accessed through stairwells). Shared lounges are designed so that even from the street the courtyard is visible &#8211; thus preserving the continuity of the space. Highlighting the external and internal differences, the facades of the buildings are created differently: the street facades are covered with wood, has narrower windows while the courtyard facades are formed by balconies and loggias, which overlook the courtyard hill and \u0160e\u0161kin\u0117 slopes.<\/p>\n<\/div>\n\t\t\t\t<\/div>\n\t\t\t\t<\/div>\n\t\t\t\t\t\t<\/div>\n\t\t\t<\/div>\n\t\t<\/div>\n\t\t\t\t\t\t<\/div>\n\t\t\t<\/div>\n\t\t<\/section>\n\t\t\t\t\t\t<\/div>\n\t\t\t<\/div>\n\t\t<\/div>\n\t\t","protected":false},"excerpt":{"rendered":"<p>Green Hill Courtyard Location Vilnius Year 2012 ARCHITECTS Edgaras Neni\u0161kisAr\u016bnas LiolaR\u016bta Vitonyt\u0117Margarita Ka\u010dikait\u0117Akvil\u0117 Brazauskait\u0117Marijus Vroblevi\u010diusLukas La\u017einskasDominyka \u0160ulcait\u0117 The designed complex is located in an area with a rich geological, natural and anthropogenic history. On the terrace formed by the glacier, [&hellip;]<\/p>\n","protected":false},"author":1,"featured_media":0,"parent":0,"menu_order":0,"comment_status":"closed","ping_status":"closed","template":"","meta":{"_monsterinsights_skip_tracking":false,"_monsterinsights_sitenote_active":false,"_monsterinsights_sitenote_note":"","_monsterinsights_sitenote_category":0},"yoast_head":"<!-- This site is optimized with the Yoast SEO plugin v17.5 - https:\/\/yoast.com\/wordpress\/plugins\/seo\/ -->\n<title>Green Hill Courtyard - arches<\/title>\n<meta name=\"robots\" content=\"index, follow, max-snippet:-1, max-image-preview:large, max-video-preview:-1\" \/>\n<link rel=\"canonical\" href=\"https:\/\/arches.lt\/zalio-kalno-kiemas\/\" \/>\n<meta property=\"og:locale\" content=\"en_US\" \/>\n<meta property=\"og:type\" content=\"article\" \/>\n<meta property=\"og:title\" content=\"Green Hill Courtyard - arches\" \/>\n<meta property=\"og:description\" content=\"Green Hill Courtyard Location Vilnius Year 2012 ARCHITECTS Edgaras Neni\u0161kisAr\u016bnas LiolaR\u016bta Vitonyt\u0117Margarita Ka\u010dikait\u0117Akvil\u0117 Brazauskait\u0117Marijus Vroblevi\u010diusLukas La\u017einskasDominyka \u0160ulcait\u0117 The designed complex is located in an area with a rich geological, natural and anthropogenic history. On the terrace formed by the glacier, [&hellip;]\" \/>\n<meta property=\"og:url\" content=\"https:\/\/arches.lt\/zalio-kalno-kiemas\/\" \/>\n<meta property=\"og:site_name\" content=\"arches\" \/>\n<meta property=\"article:modified_time\" content=\"2023-11-21T07:44:20+00:00\" \/>\n<meta property=\"og:image\" content=\"https:\/\/arches.lt\/wp-content\/uploads\/2019\/06\/02-galutinis-1024x751.jpg\" \/>\n<meta name=\"twitter:card\" content=\"summary_large_image\" \/>\n<meta name=\"twitter:label1\" content=\"Est. reading time\" \/>\n\t<meta name=\"twitter:data1\" content=\"2 minutes\" \/>\n<script type=\"application\/ld+json\" class=\"yoast-schema-graph\">{\"@context\":\"https:\/\/schema.org\",\"@graph\":[{\"@type\":\"WebSite\",\"@id\":\"https:\/\/arches.lt\/#website\",\"url\":\"https:\/\/arches.lt\/\",\"name\":\"arches\",\"description\":\"Architekt\\u0173 studija\",\"potentialAction\":[{\"@type\":\"SearchAction\",\"target\":{\"@type\":\"EntryPoint\",\"urlTemplate\":\"https:\/\/arches.lt\/?s={search_term_string}\"},\"query-input\":\"required name=search_term_string\"}],\"inLanguage\":\"en-US\"},{\"@type\":\"ImageObject\",\"@id\":\"https:\/\/arches.lt\/zalio-kalno-kiemas\/#primaryimage\",\"inLanguage\":\"en-US\",\"url\":\"https:\/\/arches.lt\/wp-content\/uploads\/2019\/06\/02-galutinis.jpg\",\"contentUrl\":\"https:\/\/arches.lt\/wp-content\/uploads\/2019\/06\/02-galutinis.jpg\",\"width\":3240,\"height\":2376},{\"@type\":\"WebPage\",\"@id\":\"https:\/\/arches.lt\/zalio-kalno-kiemas\/#webpage\",\"url\":\"https:\/\/arches.lt\/zalio-kalno-kiemas\/\",\"name\":\"Green Hill Courtyard - arches\",\"isPartOf\":{\"@id\":\"https:\/\/arches.lt\/#website\"},\"primaryImageOfPage\":{\"@id\":\"https:\/\/arches.lt\/zalio-kalno-kiemas\/#primaryimage\"},\"datePublished\":\"2021-11-18T11:55:52+00:00\",\"dateModified\":\"2023-11-21T07:44:20+00:00\",\"breadcrumb\":{\"@id\":\"https:\/\/arches.lt\/zalio-kalno-kiemas\/#breadcrumb\"},\"inLanguage\":\"en-US\",\"potentialAction\":[{\"@type\":\"ReadAction\",\"target\":[\"https:\/\/arches.lt\/zalio-kalno-kiemas\/\"]}]},{\"@type\":\"BreadcrumbList\",\"@id\":\"https:\/\/arches.lt\/zalio-kalno-kiemas\/#breadcrumb\",\"itemListElement\":[{\"@type\":\"ListItem\",\"position\":1,\"name\":\"Home\",\"item\":\"https:\/\/arches.lt\/\"},{\"@type\":\"ListItem\",\"position\":2,\"name\":\"Green Hill Courtyard\"}]}]}<\/script>\n<!-- \/ Yoast SEO plugin. -->","yoast_head_json":{"title":"Green Hill Courtyard - arches","robots":{"index":"index","follow":"follow","max-snippet":"max-snippet:-1","max-image-preview":"max-image-preview:large","max-video-preview":"max-video-preview:-1"},"canonical":"https:\/\/arches.lt\/zalio-kalno-kiemas\/","og_locale":"en_US","og_type":"article","og_title":"Green Hill Courtyard - arches","og_description":"Green Hill Courtyard Location Vilnius Year 2012 ARCHITECTS Edgaras Neni\u0161kisAr\u016bnas LiolaR\u016bta Vitonyt\u0117Margarita Ka\u010dikait\u0117Akvil\u0117 Brazauskait\u0117Marijus Vroblevi\u010diusLukas La\u017einskasDominyka \u0160ulcait\u0117 The designed complex is located in an area with a rich geological, natural and anthropogenic history. On the terrace formed by the glacier, [&hellip;]","og_url":"https:\/\/arches.lt\/zalio-kalno-kiemas\/","og_site_name":"arches","article_modified_time":"2023-11-21T07:44:20+00:00","og_image":[{"url":"https:\/\/arches.lt\/wp-content\/uploads\/2019\/06\/02-galutinis-1024x751.jpg"}],"twitter_card":"summary_large_image","twitter_misc":{"Est. reading time":"2 minutes"},"schema":{"@context":"https:\/\/schema.org","@graph":[{"@type":"WebSite","@id":"https:\/\/arches.lt\/#website","url":"https:\/\/arches.lt\/","name":"arches","description":"Architekt\u0173 studija","potentialAction":[{"@type":"SearchAction","target":{"@type":"EntryPoint","urlTemplate":"https:\/\/arches.lt\/?s={search_term_string}"},"query-input":"required name=search_term_string"}],"inLanguage":"en-US"},{"@type":"ImageObject","@id":"https:\/\/arches.lt\/zalio-kalno-kiemas\/#primaryimage","inLanguage":"en-US","url":"https:\/\/arches.lt\/wp-content\/uploads\/2019\/06\/02-galutinis.jpg","contentUrl":"https:\/\/arches.lt\/wp-content\/uploads\/2019\/06\/02-galutinis.jpg","width":3240,"height":2376},{"@type":"WebPage","@id":"https:\/\/arches.lt\/zalio-kalno-kiemas\/#webpage","url":"https:\/\/arches.lt\/zalio-kalno-kiemas\/","name":"Green Hill Courtyard - arches","isPartOf":{"@id":"https:\/\/arches.lt\/#website"},"primaryImageOfPage":{"@id":"https:\/\/arches.lt\/zalio-kalno-kiemas\/#primaryimage"},"datePublished":"2021-11-18T11:55:52+00:00","dateModified":"2023-11-21T07:44:20+00:00","breadcrumb":{"@id":"https:\/\/arches.lt\/zalio-kalno-kiemas\/#breadcrumb"},"inLanguage":"en-US","potentialAction":[{"@type":"ReadAction","target":["https:\/\/arches.lt\/zalio-kalno-kiemas\/"]}]},{"@type":"BreadcrumbList","@id":"https:\/\/arches.lt\/zalio-kalno-kiemas\/#breadcrumb","itemListElement":[{"@type":"ListItem","position":1,"name":"Home","item":"https:\/\/arches.lt\/"},{"@type":"ListItem","position":2,"name":"Green Hill Courtyard"}]}]}},"_links":{"self":[{"href":"https:\/\/arches.lt\/en\/wp-json\/wp\/v2\/pages\/7156"}],"collection":[{"href":"https:\/\/arches.lt\/en\/wp-json\/wp\/v2\/pages"}],"about":[{"href":"https:\/\/arches.lt\/en\/wp-json\/wp\/v2\/types\/page"}],"author":[{"embeddable":true,"href":"https:\/\/arches.lt\/en\/wp-json\/wp\/v2\/users\/1"}],"replies":[{"embeddable":true,"href":"https:\/\/arches.lt\/en\/wp-json\/wp\/v2\/comments?post=7156"}],"version-history":[{"count":5,"href":"https:\/\/arches.lt\/en\/wp-json\/wp\/v2\/pages\/7156\/revisions"}],"predecessor-version":[{"id":7967,"href":"https:\/\/arches.lt\/en\/wp-json\/wp\/v2\/pages\/7156\/revisions\/7967"}],"wp:attachment":[{"href":"https:\/\/arches.lt\/en\/wp-json\/wp\/v2\/media?parent=7156"}],"curies":[{"name":"wp","href":"https:\/\/api.w.org\/{rel}","templated":true}]}}