{"id":7145,"date":"2021-11-18T09:36:56","date_gmt":"2021-11-18T11:36:56","guid":{"rendered":"https:\/\/arches.lt\/k18\/"},"modified":"2022-02-07T16:06:10","modified_gmt":"2022-02-07T18:06:10","slug":"k18","status":"publish","type":"page","link":"https:\/\/arches.lt\/en\/k18\/","title":{"rendered":"K18"},"content":{"rendered":"\t\t<div data-elementor-type=\"wp-post\" data-elementor-id=\"7145\" class=\"elementor elementor-7145 elementor-4155\" data-elementor-settings=\"[]\">\n\t\t\t<div class=\"elementor-inner\">\n\t\t\t\t<div class=\"elementor-section-wrap\">\n\t\t\t\t\t\t\t<section class=\"elementor-element elementor-element-e484b1d elementor-section-stretched elementor-section-height-min-height elementor-section-boxed elementor-section-height-default elementor-section-items-middle elementor-section elementor-top-section\" data-id=\"e484b1d\" data-element_type=\"section\" data-settings=\"{&quot;stretch_section&quot;:&quot;section-stretched&quot;,&quot;background_background&quot;:&quot;classic&quot;}\">\n\t\t\t\t\t\t<div class=\"elementor-container elementor-column-gap-default\">\n\t\t\t\t<div class=\"elementor-row\">\n\t\t\t\t<div class=\"elementor-element elementor-element-e65cc1c elementor-column elementor-col-100 elementor-top-column\" data-id=\"e65cc1c\" data-element_type=\"column\">\n\t\t\t<div class=\"elementor-column-wrap\">\n\t\t\t\t\t<div class=\"elementor-widget-wrap\">\n\t\t\t\t\t\t<\/div>\n\t\t\t<\/div>\n\t\t<\/div>\n\t\t\t\t\t\t<\/div>\n\t\t\t<\/div>\n\t\t<\/section>\n\t\t\t\t<section class=\"elementor-element elementor-element-53fd928 elementor-section-boxed elementor-section-height-default elementor-section-height-default elementor-section elementor-top-section\" data-id=\"53fd928\" data-element_type=\"section\">\n\t\t\t\t\t\t<div class=\"elementor-container elementor-column-gap-default\">\n\t\t\t\t<div class=\"elementor-row\">\n\t\t\t\t<div class=\"elementor-element elementor-element-b325455 elementor-column elementor-col-100 elementor-top-column\" data-id=\"b325455\" data-element_type=\"column\">\n\t\t\t<div class=\"elementor-column-wrap  elementor-element-populated\">\n\t\t\t\t\t<div class=\"elementor-widget-wrap\">\n\t\t\t\t<div class=\"elementor-element elementor-element-1b8bc6c elementor-widget elementor-widget-spacer\" data-id=\"1b8bc6c\" data-element_type=\"widget\" data-widget_type=\"spacer.default\">\n\t\t\t\t<div class=\"elementor-widget-container\">\n\t\t\t\t\t<div class=\"elementor-spacer\">\n\t\t\t<div class=\"elementor-spacer-inner\"><\/div>\n\t\t<\/div>\n\t\t\t\t<\/div>\n\t\t\t\t<\/div>\n\t\t\t\t\t\t<\/div>\n\t\t\t<\/div>\n\t\t<\/div>\n\t\t\t\t\t\t<\/div>\n\t\t\t<\/div>\n\t\t<\/section>\n\t\t\t\t<section class=\"elementor-element elementor-element-53c7c7c elementor-section-boxed elementor-section-height-default elementor-section-height-default elementor-section elementor-top-section\" data-id=\"53c7c7c\" data-element_type=\"section\">\n\t\t\t\t\t\t<div class=\"elementor-container elementor-column-gap-wider\">\n\t\t\t\t<div class=\"elementor-row\">\n\t\t\t\t<div class=\"elementor-element elementor-element-254a0e2 elementor-column elementor-col-50 elementor-top-column\" data-id=\"254a0e2\" data-element_type=\"column\">\n\t\t\t<div class=\"elementor-column-wrap  elementor-element-populated\">\n\t\t\t\t\t<div class=\"elementor-widget-wrap\">\n\t\t\t\t<div class=\"elementor-element elementor-element-1036483 animated-fast elementor-invisible elementor-widget elementor-widget-heading\" data-id=\"1036483\" data-element_type=\"widget\" data-settings=\"{&quot;_animation&quot;:&quot;fadeInUp&quot;}\" data-widget_type=\"heading.default\">\n\t\t\t\t<div class=\"elementor-widget-container\">\n\t\t\t<h1 class=\"elementor-heading-title elementor-size-default\">K18<\/h1>\t\t<\/div>\n\t\t\t\t<\/div>\n\t\t\t\t<section class=\"elementor-element elementor-element-9189e74 elementor-section-full_width elementor-section-content-top elementor-section-height-default elementor-section-height-default elementor-section elementor-inner-section\" data-id=\"9189e74\" data-element_type=\"section\">\n\t\t\t\t\t\t<div class=\"elementor-container elementor-column-gap-default\">\n\t\t\t\t<div class=\"elementor-row\">\n\t\t\t\t<div class=\"elementor-element elementor-element-b910b3f elementor-column elementor-col-33 elementor-inner-column\" data-id=\"b910b3f\" data-element_type=\"column\">\n\t\t\t<div class=\"elementor-column-wrap  elementor-element-populated\">\n\t\t\t\t\t<div class=\"elementor-widget-wrap\">\n\t\t\t\t<div class=\"elementor-element elementor-element-9f95625 animated-fast elementor-invisible elementor-widget elementor-widget-heading\" data-id=\"9f95625\" data-element_type=\"widget\" data-settings=\"{&quot;_animation&quot;:&quot;fadeInUp&quot;,&quot;_animation_delay&quot;:200}\" data-widget_type=\"heading.default\">\n\t\t\t\t<div class=\"elementor-widget-container\">\n\t\t\t<span class=\"elementor-heading-title elementor-size-default\">Location<\/span>\t\t<\/div>\n\t\t\t\t<\/div>\n\t\t\t\t<div class=\"elementor-element elementor-element-d27f427 animated-fast elementor-invisible elementor-widget elementor-widget-text-editor\" data-id=\"d27f427\" data-element_type=\"widget\" data-settings=\"{&quot;_animation&quot;:&quot;fadeInUp&quot;,&quot;_animation_delay&quot;:200}\" data-widget_type=\"text-editor.default\">\n\t\t\t\t<div class=\"elementor-widget-container\">\n\t\t\t\t\t<div class=\"elementor-text-editor elementor-clearfix\"><p>Vilnius<\/p>\n<\/div>\n\t\t\t\t<\/div>\n\t\t\t\t<\/div>\n\t\t\t\t\t\t<\/div>\n\t\t\t<\/div>\n\t\t<\/div>\n\t\t\t\t<div class=\"elementor-element elementor-element-2aef8f4 elementor-column elementor-col-33 elementor-inner-column\" data-id=\"2aef8f4\" data-element_type=\"column\">\n\t\t\t<div class=\"elementor-column-wrap  elementor-element-populated\">\n\t\t\t\t\t<div class=\"elementor-widget-wrap\">\n\t\t\t\t<div class=\"elementor-element elementor-element-c953e71 animated-fast elementor-invisible elementor-widget elementor-widget-heading\" data-id=\"c953e71\" data-element_type=\"widget\" data-settings=\"{&quot;_animation&quot;:&quot;fadeInUp&quot;,&quot;_animation_delay&quot;:400}\" data-widget_type=\"heading.default\">\n\t\t\t\t<div class=\"elementor-widget-container\">\n\t\t\t<span class=\"elementor-heading-title elementor-size-default\">Year<\/span>\t\t<\/div>\n\t\t\t\t<\/div>\n\t\t\t\t<div class=\"elementor-element elementor-element-a18fcc0 animated-fast elementor-invisible elementor-widget elementor-widget-text-editor\" data-id=\"a18fcc0\" data-element_type=\"widget\" data-settings=\"{&quot;_animation&quot;:&quot;fadeInUp&quot;,&quot;_animation_delay&quot;:200}\" data-widget_type=\"text-editor.default\">\n\t\t\t\t<div class=\"elementor-widget-container\">\n\t\t\t\t\t<div class=\"elementor-text-editor elementor-clearfix\"><p>2016<\/p>\n<\/div>\n\t\t\t\t<\/div>\n\t\t\t\t<\/div>\n\t\t\t\t\t\t<\/div>\n\t\t\t<\/div>\n\t\t<\/div>\n\t\t\t\t<div class=\"elementor-element elementor-element-adfd6da elementor-column elementor-col-33 elementor-inner-column\" data-id=\"adfd6da\" data-element_type=\"column\">\n\t\t\t<div class=\"elementor-column-wrap  elementor-element-populated\">\n\t\t\t\t\t<div class=\"elementor-widget-wrap\">\n\t\t\t\t<div class=\"elementor-element elementor-element-f7ba360 animated-fast elementor-invisible elementor-widget elementor-widget-heading\" data-id=\"f7ba360\" data-element_type=\"widget\" data-settings=\"{&quot;_animation&quot;:&quot;fadeInUp&quot;,&quot;_animation_delay&quot;:600}\" data-widget_type=\"heading.default\">\n\t\t\t\t<div class=\"elementor-widget-container\">\n\t\t\t<span class=\"elementor-heading-title elementor-size-default\">ARCHITECTS<\/span>\t\t<\/div>\n\t\t\t\t<\/div>\n\t\t\t\t<div class=\"elementor-element elementor-element-e305cee animated-fast elementor-invisible elementor-widget elementor-widget-text-editor\" data-id=\"e305cee\" data-element_type=\"widget\" data-settings=\"{&quot;_animation&quot;:&quot;fadeInUp&quot;,&quot;_animation_delay&quot;:200}\" data-widget_type=\"text-editor.default\">\n\t\t\t\t<div class=\"elementor-widget-container\">\n\t\t\t\t\t<div class=\"elementor-text-editor elementor-clearfix\"><p>Edgaras Neni\u0161kis<br \/>Rolandas Liola<br \/>Ar\u016bnas Liola<br \/>Ieva Baranauskait\u0117<\/p>\n<\/div>\n\t\t\t\t<\/div>\n\t\t\t\t<\/div>\n\t\t\t\t\t\t<\/div>\n\t\t\t<\/div>\n\t\t<\/div>\n\t\t\t\t\t\t<\/div>\n\t\t\t<\/div>\n\t\t<\/section>\n\t\t\t\t<div class=\"elementor-element elementor-element-78212cf animated-fast elementor-invisible elementor-widget elementor-widget-text-editor\" data-id=\"78212cf\" data-element_type=\"widget\" data-settings=\"{&quot;_animation&quot;:&quot;fadeInUp&quot;,&quot;_animation_delay&quot;:800}\" data-widget_type=\"text-editor.default\">\n\t\t\t\t<div class=\"elementor-widget-container\">\n\t\t\t\t\t<div class=\"elementor-text-editor elementor-clearfix\"><p>The architectural concept of the complex is formed by drawing the continuity of the \u201curban axis\u201d, a three-part composition of the volumes framing the axis from the sides combined with the volume of the <i>covered square<\/i>, which \u201cbends the axis\u201d. The division of the volume also corresponds to the building program and the relation of the selected functions to the environment. Office and hotel buildings are separated. The office building is designed next to the Constitution Avenue (main symbol of city\u2018s economic power).<span class=\"Apple-converted-space\">  <\/span>The hotel remains with more favorable solar conditions, less noise, proximity to nature and the Old Town. In the urban fabric two dominant building directions can be distinguished. Both of them are reflected in the architecture of the complex. The main functions of the complex are combined in the <i>covered square<\/i> on the first floor and in the observation hoop on the sixth floor. The latter includes the functions of a spa, restaurants and meeting rooms. It is a kind of public space of the city just raised above the ground, providing great views of Konstitucijos Avenue, the Neris River and the Old Town of Vilnius.<\/p>\n<\/div>\n\t\t\t\t<\/div>\n\t\t\t\t<\/div>\n\t\t\t\t\t\t<\/div>\n\t\t\t<\/div>\n\t\t<\/div>\n\t\t\t\t<div class=\"elementor-element elementor-element-218731e elementor-column elementor-col-50 elementor-top-column\" data-id=\"218731e\" data-element_type=\"column\">\n\t\t\t<div class=\"elementor-column-wrap  elementor-element-populated\">\n\t\t\t\t\t<div class=\"elementor-widget-wrap\">\n\t\t\t\t<div class=\"elementor-element elementor-element-5eb6a8b animated-fast elementor-invisible elementor-widget elementor-widget-image\" data-id=\"5eb6a8b\" data-element_type=\"widget\" data-settings=\"{&quot;_animation&quot;:&quot;fadeIn&quot;}\" data-widget_type=\"image.default\">\n\t\t\t\t<div class=\"elementor-widget-container\">\n\t\t\t\t\t<div class=\"elementor-image\">\n\t\t\t\t\t\t\t\t\t\t<img width=\"1024\" height=\"683\" src=\"https:\/\/arches.lt\/wp-content\/uploads\/2019\/06\/arches_baltasis-tiltas-_2-1024x683.jpg\" class=\"attachment-large size-large\" alt=\"\" loading=\"lazy\" srcset=\"https:\/\/arches.lt\/wp-content\/uploads\/2019\/06\/arches_baltasis-tiltas-_2-1024x683.jpg 1024w, https:\/\/arches.lt\/wp-content\/uploads\/2019\/06\/arches_baltasis-tiltas-_2-300x200.jpg 300w, https:\/\/arches.lt\/wp-content\/uploads\/2019\/06\/arches_baltasis-tiltas-_2-768x512.jpg 768w, https:\/\/arches.lt\/wp-content\/uploads\/2019\/06\/arches_baltasis-tiltas-_2-700x466.jpg 700w, https:\/\/arches.lt\/wp-content\/uploads\/2019\/06\/arches_baltasis-tiltas-_2-440x293.jpg 440w, https:\/\/arches.lt\/wp-content\/uploads\/2019\/06\/arches_baltasis-tiltas-_2-600x400.jpg 600w\" sizes=\"(max-width: 1024px) 100vw, 1024px\" \/>\t\t\t\t\t\t\t\t\t\t\t<\/div>\n\t\t\t\t<\/div>\n\t\t\t\t<\/div>\n\t\t\t\t\t\t<\/div>\n\t\t\t<\/div>\n\t\t<\/div>\n\t\t\t\t\t\t<\/div>\n\t\t\t<\/div>\n\t\t<\/section>\n\t\t\t\t<section class=\"elementor-element elementor-element-5e40b4b elementor-section-boxed elementor-section-height-default elementor-section-height-default elementor-section elementor-top-section\" data-id=\"5e40b4b\" data-element_type=\"section\">\n\t\t\t\t\t\t<div class=\"elementor-container elementor-column-gap-default\">\n\t\t\t\t<div class=\"elementor-row\">\n\t\t\t\t<div class=\"elementor-element elementor-element-da47b47 elementor-column elementor-col-100 elementor-top-column\" data-id=\"da47b47\" data-element_type=\"column\">\n\t\t\t<div class=\"elementor-column-wrap  elementor-element-populated\">\n\t\t\t\t\t<div class=\"elementor-widget-wrap\">\n\t\t\t\t<div class=\"elementor-element elementor-element-f289fe7 elementor-widget elementor-widget-spacer\" data-id=\"f289fe7\" data-element_type=\"widget\" data-widget_type=\"spacer.default\">\n\t\t\t\t<div class=\"elementor-widget-container\">\n\t\t\t\t\t<div class=\"elementor-spacer\">\n\t\t\t<div class=\"elementor-spacer-inner\"><\/div>\n\t\t<\/div>\n\t\t\t\t<\/div>\n\t\t\t\t<\/div>\n\t\t\t\t\t\t<\/div>\n\t\t\t<\/div>\n\t\t<\/div>\n\t\t\t\t\t\t<\/div>\n\t\t\t<\/div>\n\t\t<\/section>\n\t\t\t\t<section class=\"elementor-element elementor-element-1e52bb7 elementor-section-boxed elementor-section-height-default elementor-section-height-default elementor-section elementor-top-section\" data-id=\"1e52bb7\" data-element_type=\"section\">\n\t\t\t\t\t\t<div class=\"elementor-container elementor-column-gap-default\">\n\t\t\t\t<div class=\"elementor-row\">\n\t\t\t\t<div class=\"elementor-element elementor-element-bb2b77d elementor-column elementor-col-66 elementor-top-column\" data-id=\"bb2b77d\" data-element_type=\"column\">\n\t\t\t<div class=\"elementor-column-wrap  elementor-element-populated\">\n\t\t\t\t\t<div class=\"elementor-widget-wrap\">\n\t\t\t\t<div class=\"elementor-element elementor-element-ddba2e1 elementor-widget elementor-widget-image\" data-id=\"ddba2e1\" data-element_type=\"widget\" data-widget_type=\"image.default\">\n\t\t\t\t<div class=\"elementor-widget-container\">\n\t\t\t\t\t<div class=\"elementor-image\">\n\t\t\t\t\t\t\t\t\t\t<img width=\"871\" height=\"1024\" src=\"https:\/\/arches.lt\/wp-content\/uploads\/2019\/06\/arches_baltasis-tiltas-_3-871x1024.jpg\" class=\"attachment-large size-large\" alt=\"\" loading=\"lazy\" srcset=\"https:\/\/arches.lt\/wp-content\/uploads\/2019\/06\/arches_baltasis-tiltas-_3-871x1024.jpg 871w, https:\/\/arches.lt\/wp-content\/uploads\/2019\/06\/arches_baltasis-tiltas-_3-255x300.jpg 255w, https:\/\/arches.lt\/wp-content\/uploads\/2019\/06\/arches_baltasis-tiltas-_3-768x902.jpg 768w, https:\/\/arches.lt\/wp-content\/uploads\/2019\/06\/arches_baltasis-tiltas-_3-440x517.jpg 440w, https:\/\/arches.lt\/wp-content\/uploads\/2019\/06\/arches_baltasis-tiltas-_3-600x705.jpg 600w\" sizes=\"(max-width: 871px) 100vw, 871px\" \/>\t\t\t\t\t\t\t\t\t\t\t<\/div>\n\t\t\t\t<\/div>\n\t\t\t\t<\/div>\n\t\t\t\t\t\t<\/div>\n\t\t\t<\/div>\n\t\t<\/div>\n\t\t\t\t<div class=\"elementor-element elementor-element-6bbb074 elementor-column elementor-col-33 elementor-top-column\" data-id=\"6bbb074\" data-element_type=\"column\">\n\t\t\t<div class=\"elementor-column-wrap  elementor-element-populated\">\n\t\t\t\t\t<div class=\"elementor-widget-wrap\">\n\t\t\t\t<div class=\"elementor-element elementor-element-4ae06da elementor-widget elementor-widget-text-editor\" data-id=\"4ae06da\" data-element_type=\"widget\" data-widget_type=\"text-editor.default\">\n\t\t\t\t<div class=\"elementor-widget-container\">\n\t\t\t\t\t<div class=\"elementor-text-editor elementor-clearfix\"><p>An underground passage is traced under the entire complex, which connects the park space with the underground passage of Konstitucijos Avenue, as well as through vertical connections with the new complex, underground parking lot. On the first floor of the complex there are reception areas of the office complex, hotel reception areas, a common conference hall center, restaurants and cafes, commercial premises.<span class=\"Apple-converted-space\">  <\/span>Meeting rooms, open office workplaces and business libraries are formed on the balconies and terraces. Vertical brass\/bronze blinds are used for building decoration, which not only helps to create the right scale, but also effectively prevents the overheating.<span class=\"Apple-converted-space\">  <\/span>Environmental factors fundamentally influence the concept. The volume composition is formed to avoid disruption the visual axis of the White Bridge, the main dominants of the urban hill are clearly visible.<\/p><\/div>\n\t\t\t\t<\/div>\n\t\t\t\t<\/div>\n\t\t\t\t\t\t<\/div>\n\t\t\t<\/div>\n\t\t<\/div>\n\t\t\t\t\t\t<\/div>\n\t\t\t<\/div>\n\t\t<\/section>\n\t\t\t\t<section class=\"elementor-element elementor-element-fab040c elementor-section-boxed elementor-section-height-default elementor-section-height-default elementor-section elementor-top-section\" data-id=\"fab040c\" data-element_type=\"section\">\n\t\t\t\t\t\t<div class=\"elementor-container elementor-column-gap-default\">\n\t\t\t\t<div class=\"elementor-row\">\n\t\t\t\t<div class=\"elementor-element elementor-element-daa9063 elementor-column elementor-col-100 elementor-top-column\" data-id=\"daa9063\" data-element_type=\"column\">\n\t\t\t<div class=\"elementor-column-wrap  elementor-element-populated\">\n\t\t\t\t\t<div class=\"elementor-widget-wrap\">\n\t\t\t\t<div class=\"elementor-element elementor-element-15910b1 elementor-widget elementor-widget-spacer\" data-id=\"15910b1\" data-element_type=\"widget\" data-widget_type=\"spacer.default\">\n\t\t\t\t<div class=\"elementor-widget-container\">\n\t\t\t\t\t<div class=\"elementor-spacer\">\n\t\t\t<div class=\"elementor-spacer-inner\"><\/div>\n\t\t<\/div>\n\t\t\t\t<\/div>\n\t\t\t\t<\/div>\n\t\t\t\t\t\t<\/div>\n\t\t\t<\/div>\n\t\t<\/div>\n\t\t\t\t\t\t<\/div>\n\t\t\t<\/div>\n\t\t<\/section>\n\t\t\t\t<section class=\"elementor-element elementor-element-dadaf1e elementor-section-boxed elementor-section-height-default elementor-section-height-default elementor-section elementor-top-section\" data-id=\"dadaf1e\" data-element_type=\"section\">\n\t\t\t\t\t\t<div class=\"elementor-container elementor-column-gap-default\">\n\t\t\t\t<div class=\"elementor-row\">\n\t\t\t\t<div class=\"elementor-element elementor-element-002f70e elementor-column elementor-col-100 elementor-top-column\" data-id=\"002f70e\" data-element_type=\"column\">\n\t\t\t<div class=\"elementor-column-wrap  elementor-element-populated\">\n\t\t\t\t\t<div class=\"elementor-widget-wrap\">\n\t\t\t\t<div class=\"elementor-element elementor-element-7815599 animated-fast elementor-invisible elementor-widget elementor-widget-image\" data-id=\"7815599\" data-element_type=\"widget\" data-settings=\"{&quot;_animation&quot;:&quot;fadeInUp&quot;}\" data-widget_type=\"image.default\">\n\t\t\t\t<div class=\"elementor-widget-container\">\n\t\t\t\t\t<div class=\"elementor-image\">\n\t\t\t\t\t\t\t\t\t\t<img width=\"3000\" height=\"2033\" src=\"https:\/\/arches.lt\/wp-content\/uploads\/2019\/06\/arches_baltasis-tiltas-_4.png\" class=\"attachment-full size-full\" alt=\"\" loading=\"lazy\" srcset=\"https:\/\/arches.lt\/wp-content\/uploads\/2019\/06\/arches_baltasis-tiltas-_4.png 3000w, https:\/\/arches.lt\/wp-content\/uploads\/2019\/06\/arches_baltasis-tiltas-_4-300x203.png 300w, https:\/\/arches.lt\/wp-content\/uploads\/2019\/06\/arches_baltasis-tiltas-_4-768x520.png 768w, https:\/\/arches.lt\/wp-content\/uploads\/2019\/06\/arches_baltasis-tiltas-_4-1024x694.png 1024w, https:\/\/arches.lt\/wp-content\/uploads\/2019\/06\/arches_baltasis-tiltas-_4-440x298.png 440w, https:\/\/arches.lt\/wp-content\/uploads\/2019\/06\/arches_baltasis-tiltas-_4-600x407.png 600w\" sizes=\"(max-width: 3000px) 100vw, 3000px\" \/>\t\t\t\t\t\t\t\t\t\t\t<\/div>\n\t\t\t\t<\/div>\n\t\t\t\t<\/div>\n\t\t\t\t\t\t<\/div>\n\t\t\t<\/div>\n\t\t<\/div>\n\t\t\t\t\t\t<\/div>\n\t\t\t<\/div>\n\t\t<\/section>\n\t\t\t\t\t\t<\/div>\n\t\t\t<\/div>\n\t\t<\/div>\n\t\t","protected":false},"excerpt":{"rendered":"<p>K18 Location Vilnius Year 2016 ARCHITECTS Edgaras Neni\u0161kisRolandas LiolaAr\u016bnas LiolaIeva Baranauskait\u0117 The architectural concept of the complex is formed by drawing the continuity of the \u201curban axis\u201d, a three-part composition of the volumes framing the axis from the sides combined [&hellip;]<\/p>\n","protected":false},"author":1,"featured_media":0,"parent":0,"menu_order":0,"comment_status":"closed","ping_status":"closed","template":"","meta":{"_monsterinsights_skip_tracking":false,"_monsterinsights_sitenote_active":false,"_monsterinsights_sitenote_note":"","_monsterinsights_sitenote_category":0},"yoast_head":"<!-- This site is optimized with the Yoast SEO plugin v17.5 - https:\/\/yoast.com\/wordpress\/plugins\/seo\/ -->\n<title>K18 - arches<\/title>\n<meta name=\"robots\" content=\"index, follow, max-snippet:-1, max-image-preview:large, max-video-preview:-1\" \/>\n<link rel=\"canonical\" href=\"https:\/\/arches.lt\/en\/k18\/\" \/>\n<meta property=\"og:locale\" content=\"en_US\" \/>\n<meta property=\"og:type\" content=\"article\" \/>\n<meta property=\"og:title\" content=\"K18 - arches\" \/>\n<meta property=\"og:description\" content=\"K18 Location Vilnius Year 2016 ARCHITECTS Edgaras Neni\u0161kisRolandas LiolaAr\u016bnas LiolaIeva Baranauskait\u0117 The architectural concept of the complex is formed by drawing the continuity of the \u201curban axis\u201d, a three-part composition of the volumes framing the axis from the sides combined [&hellip;]\" \/>\n<meta property=\"og:url\" content=\"https:\/\/arches.lt\/en\/k18\/\" \/>\n<meta property=\"og:site_name\" content=\"arches\" \/>\n<meta property=\"article:modified_time\" content=\"2022-02-07T18:06:10+00:00\" \/>\n<meta property=\"og:image\" content=\"https:\/\/arches.lt\/wp-content\/uploads\/2019\/06\/arches_baltasis-tiltas-_2-1024x683.jpg\" \/>\n<meta name=\"twitter:card\" content=\"summary_large_image\" \/>\n<meta name=\"twitter:label1\" content=\"Est. reading time\" \/>\n\t<meta name=\"twitter:data1\" content=\"3 minutes\" \/>\n<script type=\"application\/ld+json\" class=\"yoast-schema-graph\">{\"@context\":\"https:\/\/schema.org\",\"@graph\":[{\"@type\":\"WebSite\",\"@id\":\"https:\/\/arches.lt\/#website\",\"url\":\"https:\/\/arches.lt\/\",\"name\":\"arches\",\"description\":\"Architekt\\u0173 studija\",\"potentialAction\":[{\"@type\":\"SearchAction\",\"target\":{\"@type\":\"EntryPoint\",\"urlTemplate\":\"https:\/\/arches.lt\/?s={search_term_string}\"},\"query-input\":\"required name=search_term_string\"}],\"inLanguage\":\"en-US\"},{\"@type\":\"ImageObject\",\"@id\":\"https:\/\/arches.lt\/en\/k18\/#primaryimage\",\"inLanguage\":\"en-US\",\"url\":\"https:\/\/arches.lt\/wp-content\/uploads\/2019\/06\/arches_baltasis-tiltas-_2.jpg\",\"contentUrl\":\"https:\/\/arches.lt\/wp-content\/uploads\/2019\/06\/arches_baltasis-tiltas-_2.jpg\",\"width\":4594,\"height\":3064},{\"@type\":\"WebPage\",\"@id\":\"https:\/\/arches.lt\/en\/k18\/#webpage\",\"url\":\"https:\/\/arches.lt\/en\/k18\/\",\"name\":\"K18 - arches\",\"isPartOf\":{\"@id\":\"https:\/\/arches.lt\/#website\"},\"primaryImageOfPage\":{\"@id\":\"https:\/\/arches.lt\/en\/k18\/#primaryimage\"},\"datePublished\":\"2021-11-18T11:36:56+00:00\",\"dateModified\":\"2022-02-07T18:06:10+00:00\",\"breadcrumb\":{\"@id\":\"https:\/\/arches.lt\/en\/k18\/#breadcrumb\"},\"inLanguage\":\"en-US\",\"potentialAction\":[{\"@type\":\"ReadAction\",\"target\":[\"https:\/\/arches.lt\/en\/k18\/\"]}]},{\"@type\":\"BreadcrumbList\",\"@id\":\"https:\/\/arches.lt\/en\/k18\/#breadcrumb\",\"itemListElement\":[{\"@type\":\"ListItem\",\"position\":1,\"name\":\"Home\",\"item\":\"https:\/\/arches.lt\/\"},{\"@type\":\"ListItem\",\"position\":2,\"name\":\"K18\"}]}]}<\/script>\n<!-- \/ Yoast SEO plugin. -->","yoast_head_json":{"title":"K18 - arches","robots":{"index":"index","follow":"follow","max-snippet":"max-snippet:-1","max-image-preview":"max-image-preview:large","max-video-preview":"max-video-preview:-1"},"canonical":"https:\/\/arches.lt\/en\/k18\/","og_locale":"en_US","og_type":"article","og_title":"K18 - arches","og_description":"K18 Location Vilnius Year 2016 ARCHITECTS Edgaras Neni\u0161kisRolandas LiolaAr\u016bnas LiolaIeva Baranauskait\u0117 The architectural concept of the complex is formed by drawing the continuity of the \u201curban axis\u201d, a three-part composition of the volumes framing the axis from the sides combined [&hellip;]","og_url":"https:\/\/arches.lt\/en\/k18\/","og_site_name":"arches","article_modified_time":"2022-02-07T18:06:10+00:00","og_image":[{"url":"https:\/\/arches.lt\/wp-content\/uploads\/2019\/06\/arches_baltasis-tiltas-_2-1024x683.jpg"}],"twitter_card":"summary_large_image","twitter_misc":{"Est. reading time":"3 minutes"},"schema":{"@context":"https:\/\/schema.org","@graph":[{"@type":"WebSite","@id":"https:\/\/arches.lt\/#website","url":"https:\/\/arches.lt\/","name":"arches","description":"Architekt\u0173 studija","potentialAction":[{"@type":"SearchAction","target":{"@type":"EntryPoint","urlTemplate":"https:\/\/arches.lt\/?s={search_term_string}"},"query-input":"required name=search_term_string"}],"inLanguage":"en-US"},{"@type":"ImageObject","@id":"https:\/\/arches.lt\/en\/k18\/#primaryimage","inLanguage":"en-US","url":"https:\/\/arches.lt\/wp-content\/uploads\/2019\/06\/arches_baltasis-tiltas-_2.jpg","contentUrl":"https:\/\/arches.lt\/wp-content\/uploads\/2019\/06\/arches_baltasis-tiltas-_2.jpg","width":4594,"height":3064},{"@type":"WebPage","@id":"https:\/\/arches.lt\/en\/k18\/#webpage","url":"https:\/\/arches.lt\/en\/k18\/","name":"K18 - arches","isPartOf":{"@id":"https:\/\/arches.lt\/#website"},"primaryImageOfPage":{"@id":"https:\/\/arches.lt\/en\/k18\/#primaryimage"},"datePublished":"2021-11-18T11:36:56+00:00","dateModified":"2022-02-07T18:06:10+00:00","breadcrumb":{"@id":"https:\/\/arches.lt\/en\/k18\/#breadcrumb"},"inLanguage":"en-US","potentialAction":[{"@type":"ReadAction","target":["https:\/\/arches.lt\/en\/k18\/"]}]},{"@type":"BreadcrumbList","@id":"https:\/\/arches.lt\/en\/k18\/#breadcrumb","itemListElement":[{"@type":"ListItem","position":1,"name":"Home","item":"https:\/\/arches.lt\/"},{"@type":"ListItem","position":2,"name":"K18"}]}]}},"_links":{"self":[{"href":"https:\/\/arches.lt\/en\/wp-json\/wp\/v2\/pages\/7145"}],"collection":[{"href":"https:\/\/arches.lt\/en\/wp-json\/wp\/v2\/pages"}],"about":[{"href":"https:\/\/arches.lt\/en\/wp-json\/wp\/v2\/types\/page"}],"author":[{"embeddable":true,"href":"https:\/\/arches.lt\/en\/wp-json\/wp\/v2\/users\/1"}],"replies":[{"embeddable":true,"href":"https:\/\/arches.lt\/en\/wp-json\/wp\/v2\/comments?post=7145"}],"version-history":[{"count":4,"href":"https:\/\/arches.lt\/en\/wp-json\/wp\/v2\/pages\/7145\/revisions"}],"predecessor-version":[{"id":7313,"href":"https:\/\/arches.lt\/en\/wp-json\/wp\/v2\/pages\/7145\/revisions\/7313"}],"wp:attachment":[{"href":"https:\/\/arches.lt\/en\/wp-json\/wp\/v2\/media?parent=7145"}],"curies":[{"name":"wp","href":"https:\/\/api.w.org\/{rel}","templated":true}]}}